{"id":7349,"date":"2021-06-10T16:27:00","date_gmt":"2021-06-10T14:27:00","guid":{"rendered":"https:\/\/rivegauche-magazine.ch\/?page_id=7349"},"modified":"2024-03-21T10:27:54","modified_gmt":"2024-03-21T09:27:54","slug":"la-sophrologie","status":"publish","type":"page","link":"https:\/\/geneveetvousmagazine.ch\/index.php\/beaute-sante-conseils\/la-sophrologie\/","title":{"rendered":"La Sophrologie"},"content":{"rendered":"<p>[et_pb_section fb_built=\u00a0\u00bb1&Prime; _builder_version=\u00a0\u00bb4.16&Prime; global_colors_info=\u00a0\u00bb{}\u00a0\u00bb][et_pb_row _builder_version=\u00a0\u00bb4.16&Prime; global_colors_info=\u00a0\u00bb{}\u00a0\u00bb][et_pb_column type=\u00a0\u00bb4_4&Prime; _builder_version=\u00a0\u00bb4.16&Prime; custom_padding=\u00a0\u00bb|||\u00a0\u00bb global_colors_info=\u00a0\u00bb{}\u00a0\u00bb custom_padding__hover=\u00a0\u00bb|||\u00a0\u00bb][et_pb_text admin_label=\u00a0\u00bbTITRE\u00a0\u00bb _builder_version=\u00a0\u00bb4.16&Prime; header_font=\u00a0\u00bb|||||on|||\u00a0\u00bb header_text_align=\u00a0\u00bbleft\u00a0\u00bb header_text_color=\u00a0\u00bb#000000&Prime; header_font_size=\u00a0\u00bb48px\u00a0\u00bb custom_margin=\u00a0\u00bb|||\u00a0\u00bb header_font_size_tablet=\u00a0\u00bb36px\u00a0\u00bb header_font_size_phone=\u00a0\u00bb24px\u00a0\u00bb header_font_size_last_edited=\u00a0\u00bbon|tablet\u00a0\u00bb global_colors_info=\u00a0\u00bb{}\u00a0\u00bb]<\/p>\n<h1 style=\"text-align: center;\"><strong><span style=\"color: #33cccc;\">La sophrologie : science de la conscience<br \/>et des valeurs de l\u2019existence<\/span><br \/><\/strong><\/h1>\n<p>[\/et_pb_text][\/et_pb_column][\/et_pb_row][\/et_pb_section][et_pb_section fb_built=\u00a0\u00bb1&Prime; admin_label=\u00a0\u00bbArticles 1 colonne\u00a0\u00bb _builder_version=\u00a0\u00bb4.16&Prime; custom_margin=\u00a0\u00bb||\u00a0\u00bb custom_padding=\u00a0\u00bb0px|||||\u00a0\u00bb global_colors_info=\u00a0\u00bb{}\u00a0\u00bb][et_pb_row column_structure=\u00a0\u00bb3_5,2_5&Prime; admin_label=\u00a0\u00bbTitre Agenda\u00a0\u00bb _builder_version=\u00a0\u00bb4.16&Prime; custom_margin=\u00a0\u00bb||\u00a0\u00bb custom_padding=\u00a0\u00bb0px||0px|||\u00a0\u00bb global_colors_info=\u00a0\u00bb{}\u00a0\u00bb][et_pb_column type=\u00a0\u00bb3_5&Prime; _builder_version=\u00a0\u00bb4.16&Prime; custom_padding=\u00a0\u00bb0px|||\u00a0\u00bb global_colors_info=\u00a0\u00bb{}\u00a0\u00bb custom_padding__hover=\u00a0\u00bb|||\u00a0\u00bb][et_pb_text admin_label=\u00a0\u00bbDESCRIPTION\u00a0\u00bb _builder_version=\u00a0\u00bb4.16&Prime; global_colors_info=\u00a0\u00bb{}\u00a0\u00bb]<\/p>\n<h4 style=\"text-align: justify;\"><strong>Elle est la p\u00e9dagogie du positif\u00a0!<\/strong><\/h4>\n<p style=\"text-align: justify;\">En associant une respiration contr\u00f4l\u00e9e \u00e0 des exercices psycho-corporels , la sophrologie nous apprend \u00e0 red\u00e9couvrir notre corps et \u00e0 canaliser notre mental, en les exp\u00e9rimentant sous l\u2019angle des sensations, des ressentis, sans interpr\u00e9tation et sans jugement. Cette perception aiguis\u00e9e des sens dans l\u2019instant pr\u00e9sent est \u00e0 la base de l\u2019entra\u00eenement en sophrologie. Les ressources, capacit\u00e9s, talents se d\u00e9veloppent.<br \/>La sophrologie fait \u00e9galement appel \u00e0 l\u2019imagerie mentale .En se concentrant par anticipation sur un besoin sp\u00e9cifique, ( examen, entretien d\u2019embauche, permis de conduire,arr\u00eat tabac,etc..), chacun peut d\u00e9velopper de nouveaux rep\u00e8res et une nouvelle lecture de la situation. L\u2019imagerie mentale d\u00e9clenche pratiquement les m\u00eames effets physiologiques que le ferait la r\u00e9alit\u00e9. Les ressources sont stimul\u00e9es. Chacun prend ainsi conscience de son \u00e9tat interne, de ce qui est bon\u00a0pour lui et des ressources dont il dispose pour s\u2019adapter aux situations de vie de mani\u00e8re plus calme, plus sereine, plus cr\u00e9ative.<\/p>\n<h4><span style=\"color: #33cccc;\"><strong>Subir se transforme en agir<\/strong><\/span><\/h4>\n<p style=\"text-align: justify;\">La force de la sophrologie c\u2019est la r\u00e9p\u00e9tition, l\u2019entra\u00eenement r\u00e9gulier ; la r\u00e9p\u00e9tition des exercices, en \u00e9tant pr\u00e9sent \u00e0 soi-m\u00eame, \u00ab ici et maintenant \u00bb\u00a0et sans jugement, ancre un \u00e9quilibre positif entre corps et esprit. Elle invite\u00a0\u00e0 poser un nouveau regard sur soi-m\u00eame et sur l\u2019existence. La bienveillance \u00e0 son \u00e9gard se conforte, la confiance en soi se renforce, les\u00a0 potentiels,\u00a0les capacit\u00e9s,\u00a0les ressources sont stimul\u00e9s, les projets se r\u00e9alisent. Ces exp\u00e9riences de ce qui est en train de se vivre, sans jugement ni \u00e0-priori, ici et maintenant se nomment la VIVANCE, pour une \u00e9volution propre \u00e0 chacun. La Vivance\u00a0am\u00e8ne sur le chemin de l\u2019\u00c9quilibre\u00a0dans sa vie et ses challenges.<\/p>\n<p>[\/et_pb_text][\/et_pb_column][et_pb_column type=\u00a0\u00bb2_5&Prime; _builder_version=\u00a0\u00bb4.16&Prime; custom_padding=\u00a0\u00bb0px|||\u00a0\u00bb global_colors_info=\u00a0\u00bb{}\u00a0\u00bb custom_padding__hover=\u00a0\u00bb|||\u00a0\u00bb][et_pb_text admin_label=\u00a0\u00bbDESCRIPTION\u00a0\u00bb _builder_version=\u00a0\u00bb4.16&Prime; global_colors_info=\u00a0\u00bb{}\u00a0\u00bb]<\/p>\n<h4 style=\"text-align: justify;\"><span style=\"color: #33cccc;\"><strong>La Sophrologie s\u2019adresse \u00e0 tous<\/strong><\/span><\/h4>\n<p style=\"text-align: justify;\">La sophrologie est \u00e0 la fois une m\u00e9thode d\u2019entra\u00eenement, une discipline et un art de vivre. Beaucoup sont \u00e0 la recherche de solutions non m\u00e9dicamenteuses et de vecteurs d\u2019apaisement afin d\u2019harmoniser leurs sph\u00e8res mentale, physique, \u00e9motionnelle et d\u00e9velopper leurs capacit\u00e9s d\u2019adaptation dans leur vie quotidienne.<br \/>Si vous vous sentez stress\u00e9s, agit\u00e9s, inquiets, angoiss\u00e9s, en proie \u00e0 la panique, mal dans votre peau, en manque de concentration, g\u00e9rant mal les \u00e9motions, la pratique de la sophrologie vous apportera une aide b\u00e9n\u00e9fique.<\/p>\n<ul>\n<li style=\"text-align: justify;\"><strong>Le sophrologue \u00e9tablit l\u2019alliance avec chaque personne afin de la guider dans ses objectifs.\u00a0 Pour ce faire, il accueille chacun avec respect, non jugement, confidentialit\u00e9.<\/strong><\/li>\n<li style=\"text-align: justify;\"><strong>Il propose un accompagnement personnalis\u00e9, respectueux de l\u2019objectif de chaque personne.<\/strong><\/li>\n<li style=\"text-align: justify;\"><strong>Il conduit vers une r\u00e9elle autonomie dans la pratique de la sophrologie.<\/strong><\/li>\n<li style=\"text-align: justify;\"><strong>Le sophrologue ne prescrit pas de m\u00e9dicaments et est tenu au secret professionnel.<\/strong><\/li>\n<\/ul>\n<p>[\/et_pb_text][\/et_pb_column][\/et_pb_row][\/et_pb_section][et_pb_section fb_built=\u00a0\u00bb1&Prime; disabled_on=\u00a0\u00bboff|off|off\u00a0\u00bb admin_label=\u00a0\u00bbAgenda\u00a0\u00bb _builder_version=\u00a0\u00bb4.16&Prime; custom_margin=\u00a0\u00bb||\u00a0\u00bb custom_padding=\u00a0\u00bb0px|||||\u00a0\u00bb global_colors_info=\u00a0\u00bb{}\u00a0\u00bb][\/et_pb_section]<\/p>\n","protected":false},"excerpt":{"rendered":"<p>La sophrologie : science de la conscienceet des valeurs de l\u2019existenceElle est la p\u00e9dagogie du positif\u00a0! En associant une respiration contr\u00f4l\u00e9e \u00e0 des exercices psycho-corporels , la sophrologie nous apprend \u00e0 red\u00e9couvrir notre corps et \u00e0 canaliser notre mental, en les exp\u00e9rimentant sous l\u2019angle des sensations, des ressentis, sans interpr\u00e9tation et sans jugement. Cette perception [&hellip;]<\/p>\n","protected":false},"author":2,"featured_media":0,"parent":1296,"menu_order":0,"comment_status":"closed","ping_status":"closed","template":"","meta":{"_et_pb_use_builder":"on","_et_pb_old_content":"","_et_gb_content_width":"","footnotes":""},"class_list":["post-7349","page","type-page","status-publish","hentry"],"_links":{"self":[{"href":"https:\/\/geneveetvousmagazine.ch\/index.php\/wp-json\/wp\/v2\/pages\/7349","targetHints":{"allow":["GET"]}}],"collection":[{"href":"https:\/\/geneveetvousmagazine.ch\/index.php\/wp-json\/wp\/v2\/pages"}],"about":[{"href":"https:\/\/geneveetvousmagazine.ch\/index.php\/wp-json\/wp\/v2\/types\/page"}],"author":[{"embeddable":true,"href":"https:\/\/geneveetvousmagazine.ch\/index.php\/wp-json\/wp\/v2\/users\/2"}],"replies":[{"embeddable":true,"href":"https:\/\/geneveetvousmagazine.ch\/index.php\/wp-json\/wp\/v2\/comments?post=7349"}],"version-history":[{"count":6,"href":"https:\/\/geneveetvousmagazine.ch\/index.php\/wp-json\/wp\/v2\/pages\/7349\/revisions"}],"predecessor-version":[{"id":13607,"href":"https:\/\/geneveetvousmagazine.ch\/index.php\/wp-json\/wp\/v2\/pages\/7349\/revisions\/13607"}],"up":[{"embeddable":true,"href":"https:\/\/geneveetvousmagazine.ch\/index.php\/wp-json\/wp\/v2\/pages\/1296"}],"wp:attachment":[{"href":"https:\/\/geneveetvousmagazine.ch\/index.php\/wp-json\/wp\/v2\/media?parent=7349"}],"curies":[{"name":"wp","href":"https:\/\/api.w.org\/{rel}","templated":true}]}}