{"id":7303,"date":"2021-06-10T14:53:27","date_gmt":"2021-06-10T12:53:27","guid":{"rendered":"https:\/\/rivegauche-magazine.ch\/?page_id=7303"},"modified":"2022-07-08T11:57:29","modified_gmt":"2022-07-08T09:57:29","slug":"tendances-coiffure-ete-2021","status":"publish","type":"page","link":"https:\/\/geneveetvousmagazine.ch\/index.php\/mode-astuces\/tendances-coiffure-ete-2021\/","title":{"rendered":"Tendances Coiffure \u00c9t\u00e9 2021"},"content":{"rendered":"<p>[et_pb_section fb_built=\u00a0\u00bb1&Prime; admin_label=\u00a0\u00bbArticles 1 colonne\u00a0\u00bb _builder_version=\u00a0\u00bb4.16&Prime; custom_margin=\u00a0\u00bb||\u00a0\u00bb custom_padding=\u00a0\u00bb0px|||||\u00a0\u00bb global_colors_info=\u00a0\u00bb{}\u00a0\u00bb][et_pb_row _builder_version=\u00a0\u00bb4.16&Prime; global_colors_info=\u00a0\u00bb{}\u00a0\u00bb][et_pb_column type=\u00a0\u00bb4_4&Prime; _builder_version=\u00a0\u00bb4.16&Prime; custom_padding=\u00a0\u00bb|||\u00a0\u00bb global_colors_info=\u00a0\u00bb{}\u00a0\u00bb custom_padding__hover=\u00a0\u00bb|||\u00a0\u00bb][et_pb_text admin_label=\u00a0\u00bbTITRE\u00a0\u00bb _builder_version=\u00a0\u00bb4.16&Prime; header_font=\u00a0\u00bb|||||on|||\u00a0\u00bb header_text_align=\u00a0\u00bbleft\u00a0\u00bb header_text_color=\u00a0\u00bb#000000&Prime; header_font_size=\u00a0\u00bb48px\u00a0\u00bb custom_margin=\u00a0\u00bb|||\u00a0\u00bb header_font_size_tablet=\u00a0\u00bb36px\u00a0\u00bb header_font_size_phone=\u00a0\u00bb24px\u00a0\u00bb header_font_size_last_edited=\u00a0\u00bbon|tablet\u00a0\u00bb global_colors_info=\u00a0\u00bb{}\u00a0\u00bb]<\/p>\n<h1 style=\"text-align: center;\"><span style=\"color: #000000;\">Les tendances coiffure de l&rsquo;\u00e9t\u00e9 2021<br \/><\/span><\/h1>\n<p>[\/et_pb_text][\/et_pb_column][\/et_pb_row][et_pb_row column_structure=\u00a0\u00bb1_2,1_2&Prime; _builder_version=\u00a0\u00bb4.16&Prime; global_colors_info=\u00a0\u00bb{}\u00a0\u00bb][et_pb_column type=\u00a0\u00bb1_2&Prime; _builder_version=\u00a0\u00bb4.16&Prime; custom_padding=\u00a0\u00bb|||\u00a0\u00bb global_colors_info=\u00a0\u00bb{}\u00a0\u00bb custom_padding__hover=\u00a0\u00bb|||\u00a0\u00bb][et_pb_text _builder_version=\u00a0\u00bb4.16&Prime; global_colors_info=\u00a0\u00bb{}\u00a0\u00bb]<\/p>\n<h3 style=\"text-align: left;\"><span style=\"color: #ff0062;\"><strong>La queue de cheval <\/strong><\/span><strong>haute<\/strong><span style=\"color: #ff0062;\"><strong><\/strong><\/span><\/h3>\n<p style=\"text-align: justify;\">La coiffure de notre enfance, tr\u00e8s facile \u00e0 r\u00e9aliser, s\u2019adapte \u00e0 chaque type de cheveux. Ultra-lisse ou wavy, elle en impose par son \u00e9l\u00e9gance et mettra en valeur vos traits du visage et votre port de t\u00eate.<\/p>\n<p>[\/et_pb_text][et_pb_image src=\u00a0\u00bbhttps:\/\/rivegauche-magazine.ch\/wp-content\/uploads\/2022\/07\/3C_Coiffure.jpg\u00a0\u00bb title_text=\u00a0\u00bb3C_Coiffure\u00a0\u00bb align_tablet=\u00a0\u00bbcenter\u00a0\u00bb align_phone=\u00a0\u00bb\u00a0\u00bb align_last_edited=\u00a0\u00bbon|desktop\u00a0\u00bb _builder_version=\u00a0\u00bb4.17.4&Prime; global_colors_info=\u00a0\u00bb{}\u00a0\u00bb hover_enabled=\u00a0\u00bb0&Prime; sticky_enabled=\u00a0\u00bb0&Prime; force_fullwidth=\u00a0\u00bbon\u00a0\u00bb][\/et_pb_image][et_pb_text _builder_version=\u00a0\u00bb4.16&Prime; global_colors_info=\u00a0\u00bb{}\u00a0\u00bb]<\/p>\n<h3 style=\"text-align: left;\"><span style=\"color: #ff0062;\"><strong>Le carr\u00e9 <\/strong><\/span><strong>fa\u00e7on 60&rsquo;s<\/strong><span style=\"color: #ff0062;\"><strong><\/strong><\/span><\/h3>\n<p style=\"text-align: justify;\">Toujours tr\u00e8s tendance impossible de faire l\u2019impasse sur le carr\u00e9 cet \u00e9t\u00e9. Plut\u00f4t fa\u00e7on ann\u00e9e 60, il sera coup\u00e9 juste au dessus des \u00e9paules et pointes rentr\u00e9es vers l\u2019int\u00e9rieur. Vous pourrez l\u2019associer \u00e0 une frange longue style Bardot pour une allure r\u00e9tro.<\/p>\n<p>[\/et_pb_text][\/et_pb_column][et_pb_column type=\u00a0\u00bb1_2&Prime; _builder_version=\u00a0\u00bb4.16&Prime; _module_preset=\u00a0\u00bbdefault\u00a0\u00bb global_colors_info=\u00a0\u00bb{}\u00a0\u00bb][et_pb_image src=\u00a0\u00bbhttps:\/\/rivegauche-magazine.ch\/wp-content\/uploads\/2022\/07\/2C_Coiffure3.jpg\u00a0\u00bb title_text=\u00a0\u00bb2C_Coiffure3&Prime; _builder_version=\u00a0\u00bb4.17.4&Prime; _module_preset=\u00a0\u00bbdefault\u00a0\u00bb global_colors_info=\u00a0\u00bb{}\u00a0\u00bb width_last_edited=\u00a0\u00bbon|tablet\u00a0\u00bb width=\u00a0\u00bb57%\u00a0\u00bb hover_enabled=\u00a0\u00bb0&Prime; sticky_enabled=\u00a0\u00bb0&Prime; width_tablet=\u00a0\u00bb57%\u00a0\u00bb width_phone=\u00a0\u00bb57%\u00a0\u00bb][\/et_pb_image][et_pb_text _builder_version=\u00a0\u00bb4.17.4&Prime; global_colors_info=\u00a0\u00bb{}\u00a0\u00bb background_last_edited=\u00a0\u00bbon|desktop\u00a0\u00bb background_color=\u00a0\u00bb#FFFFFF\u00a0\u00bb custom_margin_last_edited=\u00a0\u00bbon|phone\u00a0\u00bb custom_padding_last_edited=\u00a0\u00bbon|desktop\u00a0\u00bb custom_padding=\u00a0\u00bb1em|1em|1em|1em|true|true\u00a0\u00bb custom_margin=\u00a0\u00bb-5em|||3em|false|false\u00a0\u00bb hover_enabled=\u00a0\u00bb0&Prime; sticky_enabled=\u00a0\u00bb0&Prime; custom_margin_phone=\u00a0\u00bb|||2em|false|false\u00a0\u00bb custom_margin_tablet=\u00a0\u00bb-5em|||3em|false|false\u00a0\u00bb custom_padding_tablet=\u00a0\u00bb1em|1em|1em|1em|true|true\u00a0\u00bb custom_padding_phone=\u00a0\u00bb1em|1em|1em|1em|true|true\u00a0\u00bb]<\/p>\n<h3 style=\"text-align: left;\"><strong>Le wavy <\/strong><span style=\"color: #ff0062;\"><strong>hollywoodien<\/strong><\/span><\/h3>\n<p style=\"text-align: justify;\">Le pouvoir du wavy, c\u2019est cette simple ondulation vous donne une allure styl\u00e9e et hyper glamour. Cette coiffure incontournable adapt\u00e9e \u00e0 la journ\u00e9e comme aux soir\u00e9es n\u2019entend pas s\u2019\u00e9teindre cet \u00e9t\u00e9.<\/p>\n<p>[\/et_pb_text][et_pb_image src=\u00a0\u00bbhttps:\/\/rivegauche-magazine.ch\/wp-content\/uploads\/2022\/07\/2C_Coiffure2.jpg\u00a0\u00bb title_text=\u00a0\u00bb2C_Coiffure2&Prime; _builder_version=\u00a0\u00bb4.17.4&Prime; _module_preset=\u00a0\u00bbdefault\u00a0\u00bb global_colors_info=\u00a0\u00bb{}\u00a0\u00bb width_last_edited=\u00a0\u00bbon|tablet\u00a0\u00bb width=\u00a0\u00bb57%\u00a0\u00bb hover_enabled=\u00a0\u00bb0&Prime; sticky_enabled=\u00a0\u00bb0&Prime; custom_margin_last_edited=\u00a0\u00bbon|phone\u00a0\u00bb custom_margin=\u00a0\u00bb|0em||19em|false|false\u00a0\u00bb custom_margin_tablet=\u00a0\u00bb|||0em|false|false\u00a0\u00bb width_tablet=\u00a0\u00bb57%\u00a0\u00bb width_phone=\u00a0\u00bb57%\u00a0\u00bb custom_margin_phone=\u00a0\u00bb|||0em|false|false\u00a0\u00bb][\/et_pb_image][et_pb_text _builder_version=\u00a0\u00bb4.17.4&Prime; global_colors_info=\u00a0\u00bb{}\u00a0\u00bb background_last_edited=\u00a0\u00bbon|desktop\u00a0\u00bb background_color=\u00a0\u00bb#FFFFFF\u00a0\u00bb custom_margin_last_edited=\u00a0\u00bbon|phone\u00a0\u00bb custom_padding_last_edited=\u00a0\u00bbon|desktop\u00a0\u00bb custom_margin=\u00a0\u00bb-5em|12em|||false|false\u00a0\u00bb custom_padding=\u00a0\u00bb1em|1em|1em|1em|true|true\u00a0\u00bb hover_enabled=\u00a0\u00bb0&Prime; sticky_enabled=\u00a0\u00bb0&Prime; custom_margin_tablet=\u00a0\u00bb|7em|||false|false\u00a0\u00bb custom_margin_phone=\u00a0\u00bb-5em|3em|||false|false\u00a0\u00bb custom_padding_phone=\u00a0\u00bb1em|1em|1em|1em|true|true\u00a0\u00bb custom_padding_tablet=\u00a0\u00bb1em|1em|1em|1em|true|true\u00a0\u00bb]<\/p>\n<h3 style=\"text-align: left;\"><strong><span style=\"color: #ff0062;\"><span style=\"color: #333333;\">Le d\u00e9grad\u00e9 <\/span>intense<\/span><\/strong><\/h3>\n<p style=\"text-align: justify;\">Le d\u00e9grad\u00e9 se r\u00e9invente pour 2021. Fini le d\u00e9grad\u00e9 en escalier, il se veut l\u00e9ger, fondu pour une coiffure naturelle et pratique. Sur cheveux longs ou courts c\u2019est une bonne solution pour apporter du mouvement \u00e0 votre coupe.<\/p>\n<p>[\/et_pb_text][\/et_pb_column][\/et_pb_row][et_pb_row _builder_version=\u00a0\u00bb4.16&Prime; global_colors_info=\u00a0\u00bb{}\u00a0\u00bb][et_pb_column type=\u00a0\u00bb4_4&Prime; _builder_version=\u00a0\u00bb4.16&Prime; custom_padding=\u00a0\u00bb|||\u00a0\u00bb global_colors_info=\u00a0\u00bb{}\u00a0\u00bb custom_padding__hover=\u00a0\u00bb|||\u00a0\u00bb][et_pb_divider _builder_version=\u00a0\u00bb4.16&Prime; global_colors_info=\u00a0\u00bb{}\u00a0\u00bb][\/et_pb_divider][\/et_pb_column][\/et_pb_row][\/et_pb_section]<\/p>\n","protected":false},"excerpt":{"rendered":"<p>Les tendances coiffure de l&rsquo;\u00e9t\u00e9 2021La queue de cheval haute La coiffure de notre enfance, tr\u00e8s facile \u00e0 r\u00e9aliser, s\u2019adapte \u00e0 chaque type de cheveux. Ultra-lisse ou wavy, elle en impose par son \u00e9l\u00e9gance et mettra en valeur vos traits du visage et votre port de t\u00eate.Le carr\u00e9 fa\u00e7on 60&rsquo;s Toujours tr\u00e8s tendance impossible de [&hellip;]<\/p>\n","protected":false},"author":2,"featured_media":0,"parent":1243,"menu_order":0,"comment_status":"closed","ping_status":"closed","template":"","meta":{"_et_pb_use_builder":"on","_et_pb_old_content":"","_et_gb_content_width":"","footnotes":""},"class_list":["post-7303","page","type-page","status-publish","hentry"],"_links":{"self":[{"href":"https:\/\/geneveetvousmagazine.ch\/index.php\/wp-json\/wp\/v2\/pages\/7303","targetHints":{"allow":["GET"]}}],"collection":[{"href":"https:\/\/geneveetvousmagazine.ch\/index.php\/wp-json\/wp\/v2\/pages"}],"about":[{"href":"https:\/\/geneveetvousmagazine.ch\/index.php\/wp-json\/wp\/v2\/types\/page"}],"author":[{"embeddable":true,"href":"https:\/\/geneveetvousmagazine.ch\/index.php\/wp-json\/wp\/v2\/users\/2"}],"replies":[{"embeddable":true,"href":"https:\/\/geneveetvousmagazine.ch\/index.php\/wp-json\/wp\/v2\/comments?post=7303"}],"version-history":[{"count":9,"href":"https:\/\/geneveetvousmagazine.ch\/index.php\/wp-json\/wp\/v2\/pages\/7303\/revisions"}],"predecessor-version":[{"id":11621,"href":"https:\/\/geneveetvousmagazine.ch\/index.php\/wp-json\/wp\/v2\/pages\/7303\/revisions\/11621"}],"up":[{"embeddable":true,"href":"https:\/\/geneveetvousmagazine.ch\/index.php\/wp-json\/wp\/v2\/pages\/1243"}],"wp:attachment":[{"href":"https:\/\/geneveetvousmagazine.ch\/index.php\/wp-json\/wp\/v2\/media?parent=7303"}],"curies":[{"name":"wp","href":"https:\/\/api.w.org\/{rel}","templated":true}]}}