{"id":714,"date":"2020-01-30T10:09:10","date_gmt":"2020-01-30T09:09:10","guid":{"rendered":"https:\/\/rivegauche-magazine.ch\/?page_id=714"},"modified":"2022-07-07T09:43:05","modified_gmt":"2022-07-07T07:43:05","slug":"histoire-anieres","status":"publish","type":"page","link":"https:\/\/geneveetvousmagazine.ch\/index.php\/anieres\/histoire-anieres\/","title":{"rendered":"HISTOIRE-Ani\u00e8res"},"content":{"rendered":"<p>[et_pb_section fb_built=\u00a0\u00bb1&Prime; _builder_version=\u00a0\u00bb4.16&Prime; global_colors_info=\u00a0\u00bb{}\u00a0\u00bb][et_pb_row _builder_version=\u00a0\u00bb4.16&Prime; global_colors_info=\u00a0\u00bb{}\u00a0\u00bb][et_pb_column type=\u00a0\u00bb4_4&Prime; _builder_version=\u00a0\u00bb4.16&Prime; custom_padding=\u00a0\u00bb|||\u00a0\u00bb global_colors_info=\u00a0\u00bb{}\u00a0\u00bb custom_padding__hover=\u00a0\u00bb|||\u00a0\u00bb][et_pb_text _builder_version=\u00a0\u00bb4.16&Prime; header_font=\u00a0\u00bbGeorgia||||||||\u00a0\u00bb header_font_size=\u00a0\u00bb52px\u00a0\u00bb header_font_size_tablet=\u00a0\u00bb44px\u00a0\u00bb header_font_size_phone=\u00a0\u00bb36px\u00a0\u00bb header_font_size_last_edited=\u00a0\u00bbon|phone\u00a0\u00bb global_colors_info=\u00a0\u00bb{}\u00a0\u00bb]<\/p>\n<h1 style=\"text-align: center;\">HISTOIRE ANI\u00c8RES<\/h1>\n<p style=\"text-align: center;\">Plus d&rsquo;informations sur <a href=\"http:\/\/www.anieres.ch\" target=\"_blank\" rel=\"noopener noreferrer\">www.anieres.ch<\/a><\/p>\n<p>[\/et_pb_text][et_pb_image src=\u00a0\u00bbhttps:\/\/rivegauche-magazine.ch\/wp-content\/uploads\/2021\/03\/BANDEAU_ANIERES-HISTOIRE.jpg\u00a0\u00bb title_text=\u00a0\u00bbBANDEAU_ANIERES HISTOIRE\u00a0\u00bb force_fullwidth=\u00a0\u00bbon\u00a0\u00bb align_tablet=\u00a0\u00bbcenter\u00a0\u00bb align_phone=\u00a0\u00bb\u00a0\u00bb align_last_edited=\u00a0\u00bbon|desktop\u00a0\u00bb _builder_version=\u00a0\u00bb4.16&Prime; global_colors_info=\u00a0\u00bb{}\u00a0\u00bb][\/et_pb_image][\/et_pb_column][\/et_pb_row][et_pb_row column_structure=\u00a0\u00bb1_2,1_2&Prime; _builder_version=\u00a0\u00bb4.16&Prime; global_colors_info=\u00a0\u00bb{}\u00a0\u00bb][et_pb_column type=\u00a0\u00bb1_2&Prime; _builder_version=\u00a0\u00bb4.16&Prime; custom_padding=\u00a0\u00bb|||\u00a0\u00bb global_colors_info=\u00a0\u00bb{}\u00a0\u00bb custom_padding__hover=\u00a0\u00bb|||\u00a0\u00bb][et_pb_text _builder_version=\u00a0\u00bb4.16&Prime; header_font=\u00a0\u00bbGeorgia||||||||\u00a0\u00bb header_font_size=\u00a0\u00bb52px\u00a0\u00bb header_font_size_tablet=\u00a0\u00bb44px\u00a0\u00bb header_font_size_phone=\u00a0\u00bb36px\u00a0\u00bb header_font_size_last_edited=\u00a0\u00bbon|phone\u00a0\u00bb global_colors_info=\u00a0\u00bb{}\u00a0\u00bb]<\/p>\n<p style=\"text-align: justify;\"><span style=\"color: #000000;\">Au\u00a0Moyen \u00c2ge, <\/span><span style=\"color: #000000;\">Ani\u00e8res constitue une paroisse ind\u00e9pendante, avec son \u00e9glise Notre-Dame relevant du prieur\u00e9 genevois de Saint-Victor, dont d\u00e9pend aussi Chevrens. La famille d\u2019Ani\u00e8res, qui s\u2019\u00e9teint au d\u00e9but du\u00a0xve\u00a0si\u00e8cle, \u00e9tait vassale des\u00a0Faucigny\u00a0et poss\u00e9dait le fief ainsi que le\u00a0ch\u00e2teau de Bassy. Elle appartenait \u00e0 la ligne de forteresses d\u00e9fendant les terres des Faucigny expos\u00e9es au lac.<br \/>Lors de la R\u00e9volution fran\u00e7aise, le village d\u2019Ani\u00e8res est rattach\u00e9 aux d\u00e9partements du Mont-Blanc en 1793, puis \u00e0 celui du L\u00e9man en 1798.<\/span><\/p>\n<p>[\/et_pb_text][et_pb_image src=\u00a0\u00bbhttps:\/\/rivegauche-magazine.ch\/wp-content\/uploads\/2021\/03\/2C_ANIERES.jpg\u00a0\u00bb title_text=\u00a0\u00bb2C_ANIERES\u00a0\u00bb force_fullwidth=\u00a0\u00bbon\u00a0\u00bb align_tablet=\u00a0\u00bbcenter\u00a0\u00bb align_phone=\u00a0\u00bb\u00a0\u00bb align_last_edited=\u00a0\u00bbon|desktop\u00a0\u00bb _builder_version=\u00a0\u00bb4.16&Prime; global_colors_info=\u00a0\u00bb{}\u00a0\u00bb][\/et_pb_image][\/et_pb_column][et_pb_column type=\u00a0\u00bb1_2&Prime; _builder_version=\u00a0\u00bb4.16&Prime; custom_padding=\u00a0\u00bb|||\u00a0\u00bb global_colors_info=\u00a0\u00bb{}\u00a0\u00bb custom_padding__hover=\u00a0\u00bb|||\u00a0\u00bb][et_pb_image src=\u00a0\u00bbhttps:\/\/rivegauche-magazine.ch\/wp-content\/uploads\/2021\/03\/2C_ANIERES2.jpg\u00a0\u00bb title_text=\u00a0\u00bb2C_ANIERES2&Prime; force_fullwidth=\u00a0\u00bbon\u00a0\u00bb align_tablet=\u00a0\u00bbcenter\u00a0\u00bb align_phone=\u00a0\u00bb\u00a0\u00bb align_last_edited=\u00a0\u00bbon|desktop\u00a0\u00bb _builder_version=\u00a0\u00bb4.16&Prime; global_colors_info=\u00a0\u00bb{}\u00a0\u00bb][\/et_pb_image][et_pb_text _builder_version=\u00a0\u00bb4.16&Prime; header_font=\u00a0\u00bbGeorgia||||||||\u00a0\u00bb header_font_size=\u00a0\u00bb52px\u00a0\u00bb header_font_size_tablet=\u00a0\u00bb44px\u00a0\u00bb header_font_size_phone=\u00a0\u00bb36px\u00a0\u00bb header_font_size_last_edited=\u00a0\u00bbon|phone\u00a0\u00bb global_colors_info=\u00a0\u00bb{}\u00a0\u00bb]<\/p>\n<p style=\"text-align: justify;\">\u00c0 la suite de la d\u00e9faite de la France de\u00a0Napol\u00e9on\u00a0Ier\u00a0et de l\u2019organisation du\u00a0congr\u00e8s de Vienne, les villages d\u2019Ani\u00e8res et de Corsier sont r\u00e9unis au nouveau canton suisse de Gen\u00e8ve par le trait\u00e9 de Turin de 1816. Ils s\u2019agrandissent d\u2019une partie de\u00a0Veigy-Foncenex.<br \/>Le 10 novembre 1858 la commune est divis\u00e9e en deux entit\u00e9s : Ani\u00e8res et Corsier. Les habitants d\u2019Ani\u00e8res se d\u00e9nomment les Ani\u00e9rois<br \/>Ani\u00e8res s\u2019\u00e9tend sur une superficie de 3,86\u00a0km2\u00a0selon l\u2019Office f\u00e9d\u00e9ral de la statistique. 31,9\u00a0% de cette superficie correspond \u00e0 des surfaces d\u2019habitat ou d\u2019infrastructure, 62,8\u00a0% \u00e0 des surfaces agricoles, 5,0\u00a0% \u00e0 des surfaces bois\u00e9es et 0,3\u00a0% \u00e0 des surfaces improductives.<\/p>\n<p>[\/et_pb_text][\/et_pb_column][\/et_pb_row][et_pb_row _builder_version=\u00a0\u00bb4.16&Prime; global_colors_info=\u00a0\u00bb{}\u00a0\u00bb][et_pb_column type=\u00a0\u00bb4_4&Prime; _builder_version=\u00a0\u00bb4.16&Prime; custom_padding=\u00a0\u00bb|||\u00a0\u00bb global_colors_info=\u00a0\u00bb{}\u00a0\u00bb custom_padding__hover=\u00a0\u00bb|||\u00a0\u00bb][et_pb_image src=\u00a0\u00bbhttps:\/\/rivegauche-magazine.ch\/wp-content\/uploads\/2021\/03\/BANDEAU_BLASON.jpg\u00a0\u00bb title_text=\u00a0\u00bbBANDEAU_BLASON\u00a0\u00bb force_fullwidth=\u00a0\u00bbon\u00a0\u00bb align_tablet=\u00a0\u00bbcenter\u00a0\u00bb align_phone=\u00a0\u00bb\u00a0\u00bb align_last_edited=\u00a0\u00bbon|desktop\u00a0\u00bb _builder_version=\u00a0\u00bb4.16&Prime; global_colors_info=\u00a0\u00bb{}\u00a0\u00bb][\/et_pb_image][\/et_pb_column][\/et_pb_row][et_pb_row _builder_version=\u00a0\u00bb4.16&Prime; global_colors_info=\u00a0\u00bb{}\u00a0\u00bb][et_pb_column type=\u00a0\u00bb4_4&Prime; _builder_version=\u00a0\u00bb4.16&Prime; custom_padding=\u00a0\u00bb|||\u00a0\u00bb global_colors_info=\u00a0\u00bb{}\u00a0\u00bb custom_padding__hover=\u00a0\u00bb|||\u00a0\u00bb][et_pb_divider _builder_version=\u00a0\u00bb4.16&Prime; global_colors_info=\u00a0\u00bb{}\u00a0\u00bb][\/et_pb_divider][\/et_pb_column][\/et_pb_row][\/et_pb_section]<\/p>\n","protected":false},"excerpt":{"rendered":"<p>HISTOIRE ANI\u00c8RES Plus d&rsquo;informations sur www.anieres.chAu\u00a0Moyen \u00c2ge, Ani\u00e8res constitue une paroisse ind\u00e9pendante, avec son \u00e9glise Notre-Dame relevant du prieur\u00e9 genevois de Saint-Victor, dont d\u00e9pend aussi Chevrens. La famille d\u2019Ani\u00e8res, qui s\u2019\u00e9teint au d\u00e9but du\u00a0xve\u00a0si\u00e8cle, \u00e9tait vassale des\u00a0Faucigny\u00a0et poss\u00e9dait le fief ainsi que le\u00a0ch\u00e2teau de Bassy. Elle appartenait \u00e0 la ligne de forteresses d\u00e9fendant les terres [&hellip;]<\/p>\n","protected":false},"author":1,"featured_media":0,"parent":460,"menu_order":1,"comment_status":"closed","ping_status":"closed","template":"","meta":{"_et_pb_use_builder":"on","_et_pb_old_content":"","_et_gb_content_width":"","footnotes":""},"class_list":["post-714","page","type-page","status-publish","hentry"],"_links":{"self":[{"href":"https:\/\/geneveetvousmagazine.ch\/index.php\/wp-json\/wp\/v2\/pages\/714","targetHints":{"allow":["GET"]}}],"collection":[{"href":"https:\/\/geneveetvousmagazine.ch\/index.php\/wp-json\/wp\/v2\/pages"}],"about":[{"href":"https:\/\/geneveetvousmagazine.ch\/index.php\/wp-json\/wp\/v2\/types\/page"}],"author":[{"embeddable":true,"href":"https:\/\/geneveetvousmagazine.ch\/index.php\/wp-json\/wp\/v2\/users\/1"}],"replies":[{"embeddable":true,"href":"https:\/\/geneveetvousmagazine.ch\/index.php\/wp-json\/wp\/v2\/comments?post=714"}],"version-history":[{"count":11,"href":"https:\/\/geneveetvousmagazine.ch\/index.php\/wp-json\/wp\/v2\/pages\/714\/revisions"}],"predecessor-version":[{"id":11359,"href":"https:\/\/geneveetvousmagazine.ch\/index.php\/wp-json\/wp\/v2\/pages\/714\/revisions\/11359"}],"up":[{"embeddable":true,"href":"https:\/\/geneveetvousmagazine.ch\/index.php\/wp-json\/wp\/v2\/pages\/460"}],"wp:attachment":[{"href":"https:\/\/geneveetvousmagazine.ch\/index.php\/wp-json\/wp\/v2\/media?parent=714"}],"curies":[{"name":"wp","href":"https:\/\/api.w.org\/{rel}","templated":true}]}}