{"id":5969,"date":"2021-01-07T15:26:13","date_gmt":"2021-01-07T14:26:13","guid":{"rendered":"https:\/\/rivegauche-magazine.ch\/?page_id=5969"},"modified":"2021-01-07T15:26:18","modified_gmt":"2021-01-07T14:26:18","slug":"souviens-toi-sydney-2","status":"publish","type":"page","link":"https:\/\/geneveetvousmagazine.ch\/index.php\/lecture-2\/souviens-toi-sydney-2\/","title":{"rendered":"SOUVIENS-TOI-SYDNEY"},"content":{"rendered":"<p>[et_pb_section fb_built=\u00a0\u00bb1&Prime; _builder_version=\u00a0\u00bb3.22.7&Prime;][et_pb_row _builder_version=\u00a0\u00bb3.25&Prime;][et_pb_column type=\u00a0\u00bb4_4&Prime; _builder_version=\u00a0\u00bb3.25&Prime; custom_padding=\u00a0\u00bb|||\u00a0\u00bb custom_padding__hover=\u00a0\u00bb|||\u00a0\u00bb][et_pb_text admin_label=\u00a0\u00bbTITRE\u00a0\u00bb _builder_version=\u00a0\u00bb4.6.6&Prime; header_font=\u00a0\u00bb|||||on|||\u00a0\u00bb header_text_align=\u00a0\u00bbleft\u00a0\u00bb header_text_color=\u00a0\u00bb#000000&Prime; header_font_size=\u00a0\u00bb48px\u00a0\u00bb custom_margin=\u00a0\u00bb|||\u00a0\u00bb hover_enabled=\u00a0\u00bb0&Prime; header_font_size_tablet=\u00a0\u00bb36px\u00a0\u00bb header_font_size_phone=\u00a0\u00bb24px\u00a0\u00bb header_font_size_last_edited=\u00a0\u00bbon|tablet\u00a0\u00bb sticky_enabled=\u00a0\u00bb0&Prime;]<\/p>\n<h1 style=\"text-align: center;\"><span style=\"color: #fbb27a;\">Souviens-toi&#8230; SYDNEY<br \/><\/span><\/h1>\n<p>[\/et_pb_text][\/et_pb_column][\/et_pb_row][\/et_pb_section][et_pb_section fb_built=\u00a0\u00bb1&Prime; admin_label=\u00a0\u00bbArticles 1 colonne\u00a0\u00bb _builder_version=\u00a0\u00bb3.22.7&Prime; custom_margin=\u00a0\u00bb||\u00a0\u00bb custom_padding=\u00a0\u00bb0px|||||\u00a0\u00bb][et_pb_row admin_label=\u00a0\u00bbTitre Agenda\u00a0\u00bb _builder_version=\u00a0\u00bb3.25&Prime; custom_margin=\u00a0\u00bb||\u00a0\u00bb custom_padding=\u00a0\u00bb0px||0px|||\u00a0\u00bb column_structure=\u00a0\u00bb1_3,2_3&Prime;][et_pb_column type=\u00a0\u00bb1_3&Prime; _builder_version=\u00a0\u00bb3.25&Prime; custom_padding=\u00a0\u00bb0px|||\u00a0\u00bb custom_padding__hover=\u00a0\u00bb|||\u00a0\u00bb][et_pb_image src=\u00a0\u00bbhttps:\/\/rivegauche-magazine.ch\/wp-content\/uploads\/2021\/01\/SOUVIENS-TOI-SYDNEY2C.jpg\u00a0\u00bb align_tablet=\u00a0\u00bbcenter\u00a0\u00bb align_last_edited=\u00a0\u00bbon|desktop\u00a0\u00bb _builder_version=\u00a0\u00bb4.6.6&Prime; hover_enabled=\u00a0\u00bb0&Prime; title_text=\u00a0\u00bbSOUVIENS-TOI-SYDNEY2C\u00a0\u00bb sticky_enabled=\u00a0\u00bb0&Prime;][\/et_pb_image][\/et_pb_column][et_pb_column type=\u00a0\u00bb2_3&Prime; _builder_version=\u00a0\u00bb3.25&Prime; custom_padding=\u00a0\u00bb|||\u00a0\u00bb custom_padding__hover=\u00a0\u00bb|||\u00a0\u00bb][et_pb_text admin_label=\u00a0\u00bbDESCRIPTION\u00a0\u00bb _builder_version=\u00a0\u00bb4.6.6&Prime; hover_enabled=\u00a0\u00bb0&Prime; sticky_enabled=\u00a0\u00bb0&Prime;]<\/p>\n<h4><span style=\"color: #fbb27a;\">SOUVIENS-TOI&#8230; SYDNEY<br \/><\/span><\/h4>\n<p>Auteur : Eneeh Quartier<\/p>\n<p>Editeur : Harpitanja Editions<\/p>\n<p style=\"text-align: justify;\">Claire, 21 ans, jeune mari\u00e9e, a grandi \u00e0 Lausanne dans une famille de t\u00e9moins de J\u00e9hovah. Elle pourrait \u00eatre heureuse, mais des \u00e9v\u00e9nements insolites viennent g\u00e2cher sa vie de couple. J\u00e9r\u00e9mie, son mari, voudrait l\u2019aider, mais il se sent d\u00e9muni face aux probl\u00e8mes de sa femme.<\/p>\n<p style=\"text-align: justify;\">La jeune \u00e9pouse aurait bien aim\u00e9 trouver un appui aupr\u00e8s de sa m\u00e8re, mais la foi aveugle de celle-ci dans le cr\u00e9do de sa religion l\u2019emp\u00eache d\u2019aider sa fille comme il conviendrait. Elle a \u00e9t\u00e9 remari\u00e9e \u00e0 Raymond, un t\u00e9moin de J\u00e9hovah belge, suite au d\u00e9part du p\u00e8re de Claire, alors qu\u2019elle avait sept ans. Les activit\u00e9s de Raymond sont myst\u00e9rieuses, mais a-t-il vraiment quelque chose \u00e0 cacher?<\/p>\n<p style=\"text-align: justify;\">Elle trouve tout de m\u00eame un soutien aupr\u00e8s de deux personnes: Isabelle, son amie d\u2019enfance, avec qui elle a \u00e9chafaud\u00e9 un projet de voyage, et \u00c9lo\u00efse, sa coll\u00e8gue de travail, qui la fait raisonner sur ses croyances et l\u2019incite \u00e0 ne pas mettre une confiance aveugle dans des hommes.<br \/>Deux \u00e9v\u00e9nements tragiques vont de nouveau faire basculer sa vie et la s\u00e9parer de ceux qui lui sont le plus cher. Elle conna\u00eetra ainsi la douleur du rejet.<\/p>\n<p style=\"text-align: justify;\">\u00c9l\u00e9onore, une psychoth\u00e9rapeute, et Anna, qui pratique l\u2019hypnose douce, iront \u00e0 la recherche des \u00e9v\u00e9nements de son pass\u00e9 que la jeune femme a oubli\u00e9s et qui expliquent peut-\u00eatre l\u2019enfer de sa vie pr\u00e9sente.<\/p>\n<p>[\/et_pb_text][\/et_pb_column][\/et_pb_row][et_pb_row _builder_version=\u00a0\u00bb3.25&Prime; custom_margin=\u00a0\u00bb0px||0px\u00a0\u00bb][et_pb_column type=\u00a0\u00bb4_4&Prime; _builder_version=\u00a0\u00bb3.25&Prime; custom_padding=\u00a0\u00bb|||\u00a0\u00bb custom_padding__hover=\u00a0\u00bb|||\u00a0\u00bb][\/et_pb_column][\/et_pb_row][\/et_pb_section]<\/p>\n","protected":false},"excerpt":{"rendered":"<p>Souviens-toi&#8230; SYDNEY SOUVIENS-TOI&#8230; SYDNEY Auteur : Eneeh Quartier Editeur : Harpitanja Editions Claire, 21 ans, jeune mari\u00e9e, a grandi \u00e0 Lausanne dans une famille de t\u00e9moins de J\u00e9hovah. Elle pourrait \u00eatre heureuse, mais des \u00e9v\u00e9nements insolites viennent g\u00e2cher sa vie de couple. J\u00e9r\u00e9mie, son mari, voudrait l\u2019aider, mais il se sent d\u00e9muni face aux probl\u00e8mes [&hellip;]<\/p>\n","protected":false},"author":2,"featured_media":0,"parent":1460,"menu_order":0,"comment_status":"closed","ping_status":"closed","template":"","meta":{"_et_pb_use_builder":"on","_et_pb_old_content":"","_et_gb_content_width":"","footnotes":""},"class_list":["post-5969","page","type-page","status-publish","hentry"],"_links":{"self":[{"href":"https:\/\/geneveetvousmagazine.ch\/index.php\/wp-json\/wp\/v2\/pages\/5969","targetHints":{"allow":["GET"]}}],"collection":[{"href":"https:\/\/geneveetvousmagazine.ch\/index.php\/wp-json\/wp\/v2\/pages"}],"about":[{"href":"https:\/\/geneveetvousmagazine.ch\/index.php\/wp-json\/wp\/v2\/types\/page"}],"author":[{"embeddable":true,"href":"https:\/\/geneveetvousmagazine.ch\/index.php\/wp-json\/wp\/v2\/users\/2"}],"replies":[{"embeddable":true,"href":"https:\/\/geneveetvousmagazine.ch\/index.php\/wp-json\/wp\/v2\/comments?post=5969"}],"version-history":[{"count":4,"href":"https:\/\/geneveetvousmagazine.ch\/index.php\/wp-json\/wp\/v2\/pages\/5969\/revisions"}],"predecessor-version":[{"id":5975,"href":"https:\/\/geneveetvousmagazine.ch\/index.php\/wp-json\/wp\/v2\/pages\/5969\/revisions\/5975"}],"up":[{"embeddable":true,"href":"https:\/\/geneveetvousmagazine.ch\/index.php\/wp-json\/wp\/v2\/pages\/1460"}],"wp:attachment":[{"href":"https:\/\/geneveetvousmagazine.ch\/index.php\/wp-json\/wp\/v2\/media?parent=5969"}],"curies":[{"name":"wp","href":"https:\/\/api.w.org\/{rel}","templated":true}]}}