{"id":4045,"date":"2020-07-17T10:54:17","date_gmt":"2020-07-17T08:54:17","guid":{"rendered":"https:\/\/rivegauche-magazine.ch\/?page_id=4045"},"modified":"2020-07-17T10:54:19","modified_gmt":"2020-07-17T08:54:19","slug":"conserver-son-capital-sante-par-la-reflexologie-plantaire","status":"publish","type":"page","link":"https:\/\/geneveetvousmagazine.ch\/index.php\/medical-2\/conserver-son-capital-sante-par-la-reflexologie-plantaire\/","title":{"rendered":"Conserver son capital sant\u00e9 par la r\u00e9flexologie plantaire"},"content":{"rendered":"<p>[et_pb_section fb_built=\u00a0\u00bb1&Prime; _builder_version=\u00a0\u00bb3.22.7&Prime;][et_pb_row _builder_version=\u00a0\u00bb3.22.7&Prime;][et_pb_column type=\u00a0\u00bb4_4&Prime; _builder_version=\u00a0\u00bb3.22.7&Prime;][et_pb_divider _builder_version=\u00a0\u00bb3.22.7&Prime;][\/et_pb_divider][\/et_pb_column][\/et_pb_row][et_pb_row _builder_version=\u00a0\u00bb3.22.7&Prime;][et_pb_column type=\u00a0\u00bb4_4&Prime; _builder_version=\u00a0\u00bb3.22.7&Prime;][et_pb_text _builder_version=\u00a0\u00bb3.22.7&Prime; border_color_all=\u00a0\u00bb#00c1b4&Prime; border_color_bottom=\u00a0\u00bb#f9a461&Prime; border_width_left=\u00a0\u00bb9px\u00a0\u00bb border_color_left=\u00a0\u00bb#33afab\u00a0\u00bb header_font=\u00a0\u00bb||||||||\u00a0\u00bb]<\/p>\n<h1 style=\"padding-left: 40px;\">Conserver son capital sant\u00e9 par la r\u00e9flexologie plantaire<\/h1>\n<p>[\/et_pb_text][\/et_pb_column][\/et_pb_row][et_pb_row _builder_version=\u00a0\u00bb3.22.7&Prime;][et_pb_column type=\u00a0\u00bb2_5&Prime; _builder_version=\u00a0\u00bb3.22.7&Prime;][et_pb_image src=\u00a0\u00bbhttps:\/\/rivegauche-magazine.ch\/wp-content\/uploads\/2020\/07\/3-COLONNES-5.jpg\u00a0\u00bb _builder_version=\u00a0\u00bb3.22.7&Prime;][\/et_pb_image][et_pb_image src=\u00a0\u00bbhttps:\/\/rivegauche-magazine.ch\/wp-content\/uploads\/2020\/07\/3-COLONNES2.jpg\u00a0\u00bb _builder_version=\u00a0\u00bb3.22.7&Prime;][\/et_pb_image][\/et_pb_column][et_pb_column type=\u00a0\u00bb3_5&Prime; _builder_version=\u00a0\u00bb3.22.7&Prime;][et_pb_text admin_label=\u00a0\u00bbNOM CLIENT\u00a0\u00bb _builder_version=\u00a0\u00bb3.22.7&Prime; header_font=\u00a0\u00bb|||||on|||\u00a0\u00bb header_text_align=\u00a0\u00bbleft\u00a0\u00bb header_text_color=\u00a0\u00bb#000000&Prime; header_font_size=\u00a0\u00bb48px\u00a0\u00bb header_font_size_tablet=\u00a0\u00bb36px\u00a0\u00bb header_font_size_phone=\u00a0\u00bb24px\u00a0\u00bb header_font_size_last_edited=\u00a0\u00bbon|tablet\u00a0\u00bb custom_margin=\u00a0\u00bb|||\u00a0\u00bb]<\/p>\n<p style=\"text-align: justify;\"><span style=\"color: #33afab;\"><strong>LA R\u00c9FLEXOLOGIE PLANTAIRE<\/strong><\/span> est pratiqu\u00e9e en m\u00e9decine chinoise depuis plus de 5000 ans. Elle est \u00e0 la fois pr\u00e9ventive et curative ! Elle utilise le Syst\u00e8me Nerveux Neurov\u00e9g\u00e9tatif, par r\u00e9sonance de ses fibres sur les pieds. Fibres qui se transforment en zones r\u00e9flexes correspondant \u00e0 chaque syst\u00e8me ou appareil composant le corps humain.<\/p>\n<p style=\"text-align: justify;\"><span style=\"color: #33afab;\"><strong>L\u2019ANATOMIE<\/strong><\/span> compl\u00e8te du corps (organes, muscles, glandes, os&#8230;) a sa projection en miniature sur les deux pieds.<br \/>Apr\u00e8s un bilan de sant\u00e9, l\u2019action du th\u00e9rapeute est de\u00a0d\u00e9tecter\u00a0tout ce qui s\u2019affaiblit et provoque vos douleurs et d\u00e9sordres, puis de r\u00e9tablir l\u2019\u00e9quilibre \u00e9nerg\u00e9tique par\u00a0stimulation\u00a0\u00e0 partir des zones r\u00e9flexes de vos pieds.<br \/>Si le d\u00e9sordre n\u2019est que fonctionnel, le traitement en r\u00e9flexologie sera parfaitement adapt\u00e9 et donnera de tr\u00e8s bons r\u00e9sultats. Si le d\u00e9sordre est l\u00e9sionnel, le traitement n\u2019aura aucune action proprement dite sur la maladie install\u00e9e. Mais dans ce deuxi\u00e8me cas, il aura une action pr\u00e9cieuse sur tous les \u00e9monctoires. Il renforcera les syst\u00e8mes\u00a0: immunitaire, circulatoire, lymphatique et le plus important, renforcera votre \u00e9tat \u00e9motionnel.<\/p>\n<h4 style=\"text-align: justify;\"><strong><span style=\"color: #33afab;\">LA R\u00c9FLEXOLOGIE PLANTAIRE&#8230;<\/span><\/strong><\/h4>\n<p style=\"text-align: justify;\">INDUIT une profonde relaxation, SOULAGE par productions d\u2019endorphines, ACTIVE la circulation lymphatique, D\u00c9SINTOXIQUE l\u2019organisme par l\u2019\u00e9limination des toxines, REVITALISE l\u2019\u00e9nergie de l\u2019organisme, AM\u00c9LIORE les d\u00e9s\u00e9quilibres \u00e9motionnels, FAVORISE le d\u00e9blocage de l\u2019influx nerveux.<\/p>\n<h4 style=\"text-align: justify;\"><span style=\"color: #33afab;\"><strong>INDICATIONS :<\/strong><\/span><\/h4>\n<p style=\"text-align: justify;\">Stress, douleurs musculaires, constipation, d\u00e9pression saisonni\u00e8re, trouble du sommeil, fatigue passag\u00e8re, toux, urticaire, allergies, asthme, vertiges, lumbago, sciatique, migraines\/n\u00e9vralgies, an\u00e9mie, arthrose\/rhumatisme.<\/p>\n<p style=\"text-align: justify;\"><span style=\"color: #d19e26;\"><strong>N\u2019attendez pas que les d\u00e9sordres fonctionnels d\u2019aujourd\u2019hui se transforment en maladies l\u00e9sionnelles demain. La pr\u00e9vention est le premier acte sant\u00e9 !<\/strong><\/span><br \/>Un traitement efficace n\u00e9cessite 3 \u00e0 5 s\u00e9ances. Les s\u00e9ances doivent \u00eatre espac\u00e9es de 3 semaines \u00e0 1 mois. En effet, votre organisme peut r\u00e9agir pendant 15 jours apr\u00e8s la s\u00e9ance. Un temps de r\u00e9cup\u00e9ration d\u2019environ 15 jours est indispensable pour \u00e9viter de vous conduire \u00e0 l\u2019\u00e9puisement.<\/p>\n<p>[\/et_pb_text][\/et_pb_column][\/et_pb_row][\/et_pb_section][et_pb_section fb_built=\u00a0\u00bb1&Prime; disabled_on=\u00a0\u00bboff|off|off\u00a0\u00bb admin_label=\u00a0\u00bbAgenda\u00a0\u00bb _builder_version=\u00a0\u00bb3.22.7&Prime; custom_margin=\u00a0\u00bb||\u00a0\u00bb custom_padding=\u00a0\u00bb0px|||||\u00a0\u00bb][et_pb_row _builder_version=\u00a0\u00bb3.22.7&Prime;][et_pb_column type=\u00a0\u00bb4_4&Prime; _builder_version=\u00a0\u00bb3.22.7&Prime;][et_pb_divider color=\u00a0\u00bb#000000&Prime; divider_weight=\u00a0\u00bb13px\u00a0\u00bb _builder_version=\u00a0\u00bb3.22.7&Prime; width=\u00a0\u00bb180px\u00a0\u00bb custom_padding=\u00a0\u00bb|||50px\u00a0\u00bb][\/et_pb_divider][et_pb_divider color=\u00a0\u00bb#000000&Prime; _builder_version=\u00a0\u00bb3.22.7&Prime; custom_margin=\u00a0\u00bb-57px||\u00a0\u00bb custom_margin_tablet=\u00a0\u00bb-44px||\u00a0\u00bb custom_margin_last_edited=\u00a0\u00bbon|phone\u00a0\u00bb custom_padding=\u00a0\u00bb0px||\u00a0\u00bb][\/et_pb_divider][\/et_pb_column][\/et_pb_row][et_pb_row custom_padding=\u00a0\u00bb0px||0px|||\u00a0\u00bb custom_margin=\u00a0\u00bb||\u00a0\u00bb padding_top_1=\u00a0\u00bb0px\u00a0\u00bb admin_label=\u00a0\u00bbTitre Agenda\u00a0\u00bb _builder_version=\u00a0\u00bb3.22.7&Prime;][et_pb_column type=\u00a0\u00bb1_2&Prime; _builder_version=\u00a0\u00bb3.22.7&Prime;][et_pb_text _builder_version=\u00a0\u00bb3.22.7&Prime; header_font=\u00a0\u00bbGeorgia||||||||\u00a0\u00bb header_text_color=\u00a0\u00bb#000000&Prime; header_font_size=\u00a0\u00bb48px\u00a0\u00bb header_font_size_tablet=\u00a0\u00bb36px\u00a0\u00bb header_font_size_phone=\u00a0\u00bb24px\u00a0\u00bb header_font_size_last_edited=\u00a0\u00bbon|tablet\u00a0\u00bb custom_margin=\u00a0\u00bb-25px|||50px\u00a0\u00bb]<\/p>\n<h1>ARTICLES<\/h1>\n<p>[\/et_pb_text][\/et_pb_column][et_pb_column type=\u00a0\u00bb1_2&Prime; _builder_version=\u00a0\u00bb3.22.7&Prime;][et_pb_text _builder_version=\u00a0\u00bb3.22.7&Prime; text_font=\u00a0\u00bb||||||||\u00a0\u00bb header_font=\u00a0\u00bb||||||||\u00a0\u00bb header_2_font=\u00a0\u00bbTimes New Roman||||||||\u00a0\u00bb][\/et_pb_text][\/et_pb_column][\/et_pb_row][et_pb_row _builder_version=\u00a0\u00bb3.22.7&Prime;][et_pb_column type=\u00a0\u00bb1_3&Prime; _builder_version=\u00a0\u00bb3.22.7&Prime;][et_pb_image src=\u00a0\u00bbhttps:\/\/rivegauche-magazine.ch\/wp-content\/uploads\/2020\/03\/evasion-be-500.jpg\u00a0\u00bb url=\u00a0\u00bbhttps:\/\/rivegauche-magazine.ch\/index.php\/institut-salon\/evasion-bien-etre\/\u00a0\u00bb _builder_version=\u00a0\u00bb3.22.7&Prime;][\/et_pb_image][et_pb_text admin_label=\u00a0\u00bbrecette\u00a0\u00bb _builder_version=\u00a0\u00bb3.22.7&Prime; custom_margin=\u00a0\u00bb-25px||\u00a0\u00bb link_option_url=\u00a0\u00bbhttps:\/\/rivegauche-magazine.ch\/index.php\/institut-salon\/evasion-bien-etre\/\u00a0\u00bb]<\/p>\n<h1 style=\"text-align: right;\">EVASION BIEN-\u00caTRE<\/h1>\n<h4 style=\"text-align: right;\">Sylvie Bedini<\/h4>\n<p>[\/et_pb_text][\/et_pb_column][et_pb_column type=\u00a0\u00bb1_3&Prime; _builder_version=\u00a0\u00bb3.22.7&Prime;][\/et_pb_column][et_pb_column type=\u00a0\u00bb1_3&Prime; _builder_version=\u00a0\u00bb3.22.7&Prime;][\/et_pb_column][\/et_pb_row][\/et_pb_section]<\/p>\n","protected":false},"excerpt":{"rendered":"<p>Conserver son capital sant\u00e9 par la r\u00e9flexologie plantaire LA R\u00c9FLEXOLOGIE PLANTAIRE est pratiqu\u00e9e en m\u00e9decine chinoise depuis plus de 5000 ans. Elle est \u00e0 la fois pr\u00e9ventive et curative ! Elle utilise le Syst\u00e8me Nerveux Neurov\u00e9g\u00e9tatif, par r\u00e9sonance de ses fibres sur les pieds. Fibres qui se transforment en zones r\u00e9flexes correspondant \u00e0 chaque syst\u00e8me [&hellip;]<\/p>\n","protected":false},"author":2,"featured_media":0,"parent":1368,"menu_order":0,"comment_status":"closed","ping_status":"closed","template":"","meta":{"_et_pb_use_builder":"on","_et_pb_old_content":"","_et_gb_content_width":"","footnotes":""},"class_list":["post-4045","page","type-page","status-publish","hentry"],"_links":{"self":[{"href":"https:\/\/geneveetvousmagazine.ch\/index.php\/wp-json\/wp\/v2\/pages\/4045","targetHints":{"allow":["GET"]}}],"collection":[{"href":"https:\/\/geneveetvousmagazine.ch\/index.php\/wp-json\/wp\/v2\/pages"}],"about":[{"href":"https:\/\/geneveetvousmagazine.ch\/index.php\/wp-json\/wp\/v2\/types\/page"}],"author":[{"embeddable":true,"href":"https:\/\/geneveetvousmagazine.ch\/index.php\/wp-json\/wp\/v2\/users\/2"}],"replies":[{"embeddable":true,"href":"https:\/\/geneveetvousmagazine.ch\/index.php\/wp-json\/wp\/v2\/comments?post=4045"}],"version-history":[{"count":10,"href":"https:\/\/geneveetvousmagazine.ch\/index.php\/wp-json\/wp\/v2\/pages\/4045\/revisions"}],"predecessor-version":[{"id":4058,"href":"https:\/\/geneveetvousmagazine.ch\/index.php\/wp-json\/wp\/v2\/pages\/4045\/revisions\/4058"}],"up":[{"embeddable":true,"href":"https:\/\/geneveetvousmagazine.ch\/index.php\/wp-json\/wp\/v2\/pages\/1368"}],"wp:attachment":[{"href":"https:\/\/geneveetvousmagazine.ch\/index.php\/wp-json\/wp\/v2\/media?parent=4045"}],"curies":[{"name":"wp","href":"https:\/\/api.w.org\/{rel}","templated":true}]}}