{"id":3179,"date":"2020-03-28T11:25:59","date_gmt":"2020-03-28T10:25:59","guid":{"rendered":"https:\/\/rivegauche-magazine.ch\/?page_id=3179"},"modified":"2020-03-28T14:18:59","modified_gmt":"2020-03-28T13:18:59","slug":"votre-foie-vous-parle","status":"publish","type":"page","link":"https:\/\/geneveetvousmagazine.ch\/index.php\/beaute-sante-conseils\/votre-foie-vous-parle\/","title":{"rendered":"Votre foie vous parle"},"content":{"rendered":"<p>[et_pb_section fb_built=\u00a0\u00bb1&Prime; _builder_version=\u00a0\u00bb3.22.7&Prime;][et_pb_row _builder_version=\u00a0\u00bb3.22.7&Prime;][et_pb_column type=\u00a0\u00bb4_4&Prime; _builder_version=\u00a0\u00bb3.22.7&Prime;][et_pb_divider _builder_version=\u00a0\u00bb3.22.7&Prime;][\/et_pb_divider][\/et_pb_column][\/et_pb_row][\/et_pb_section][et_pb_section fb_built=\u00a0\u00bb1&Prime; admin_label=\u00a0\u00bbArticles 1 colonne\u00a0\u00bb _builder_version=\u00a0\u00bb3.22.7&Prime; custom_margin=\u00a0\u00bb||\u00a0\u00bb custom_padding=\u00a0\u00bb0px|||||\u00a0\u00bb][et_pb_row custom_padding=\u00a0\u00bb0px||0px|||\u00a0\u00bb custom_margin=\u00a0\u00bb||\u00a0\u00bb padding_top_1=\u00a0\u00bb0px\u00a0\u00bb admin_label=\u00a0\u00bbTitre Agenda\u00a0\u00bb _builder_version=\u00a0\u00bb3.22.7&Prime;][et_pb_column type=\u00a0\u00bb2_5&Prime; _builder_version=\u00a0\u00bb3.22.7&Prime;][et_pb_image src=\u00a0\u00bbhttps:\/\/rivegauche-magazine.ch\/wp-content\/uploads\/2020\/03\/foie-vert.jpg\u00a0\u00bb _builder_version=\u00a0\u00bb3.22.7&Prime;][\/et_pb_image][et_pb_text _builder_version=\u00a0\u00bb3.22.7&Prime;]<\/p>\n<p>Je suis l\u2019organe yin de l\u2019\u00e9l\u00e9ment <span style=\"color: #99cc00;\">bois<\/span>.<\/p>\n<p>Mon partenaire yang est la <span style=\"color: #99cc00;\">v\u00e9sicule biliaire<\/span>.<\/p>\n<p>Ma saison est le <span style=\"color: #99cc00;\">printemps<\/span>.<\/p>\n<p>L\u2019\u00e9l\u00e9ment <span style=\"color: #99cc00;\">bois<\/span>\u00a0est li\u00e9 au mouvement de renouveau.<\/p>\n<p>Entre <span style=\"color: #99cc00;\">1h et 3h<\/span>, je suis \u00e0 mon maximum d\u2019\u00e9nergie.<\/p>\n<p>Le sens qui m\u2019est associ\u00e9 est la <span style=\"color: #99cc00;\">vue<\/span>, l\u2019organe de sens les <span style=\"color: #99cc00;\">yeux<\/span>.<\/p>\n<p>Les tissus\u00a0en lien avec moi sont les <span style=\"color: #99cc00;\">tendons<\/span>, les <span style=\"color: #99cc00;\">ligaments<\/span>, les <span style=\"color: #99cc00;\">muscles<\/span>.<\/p>\n<p>Les <span style=\"color: #99cc00;\">ongles<\/span> t\u00e9moignent de mon \u00e9tat de sant\u00e9. Si vos ongles sont lisses et solides, je suis en bonne sant\u00e9.<\/p>\n<p>Les sons <span style=\"color: #99cc00;\">Sh ou Shu et Guo<\/span> me drainent.<\/p>\n<p>La <span style=\"color: #99cc00;\">couleur verte<\/span> me recharge.<\/p>\n<p>Le go\u00fbt <span style=\"color: #99cc00;\">acide<\/span> me soutient.<\/p>\n<p>Mes \u00e9motions\u00a0 sont <span style=\"color: #99cc00;\">col\u00e8re, frustration, ressentiment, jalousie, culpabilit\u00e9<\/span>, mes qualit\u00e9s <span style=\"color: #99cc00;\">bont\u00e9, g\u00e9n\u00e9rosit\u00e9, gentillesse.<\/span><\/p>\n<p>J\u2019aime l\u2019eau, les aliments riches en vitamines et min\u00e9raux, l\u2019huile d\u2019olive press\u00e9e \u00e0 froid, les artichauts, radis noirs, pissenlits, carottes, le citron.<\/p>\n<p>[\/et_pb_text][\/et_pb_column][et_pb_column type=\u00a0\u00bb3_5&Prime; _builder_version=\u00a0\u00bb3.22.7&Prime;][et_pb_text admin_label=\u00a0\u00bbTITRE\u00a0\u00bb _builder_version=\u00a0\u00bb3.22.7&Prime; header_font=\u00a0\u00bb|||||on|||\u00a0\u00bb header_text_align=\u00a0\u00bbleft\u00a0\u00bb header_text_color=\u00a0\u00bb#000000&Prime; header_font_size=\u00a0\u00bb48px\u00a0\u00bb header_font_size_tablet=\u00a0\u00bb36px\u00a0\u00bb header_font_size_phone=\u00a0\u00bb24px\u00a0\u00bb header_font_size_last_edited=\u00a0\u00bbon|tablet\u00a0\u00bb custom_margin=\u00a0\u00bb|||\u00a0\u00bb]<\/p>\n<h1 style=\"text-align: left;\">Votre foie vous parle<\/h1>\n<p>[\/et_pb_text][et_pb_text _builder_version=\u00a0\u00bb3.22.7&Prime;]<\/p>\n<p>Bonjour,<\/p>\n<p>Je suis votre foie. Je me trouve dans la partie sup\u00e9rieure droite de votre abdomen et je suis votre plus grand organe mis \u00e0 part la peau. Vous savez surement que je fais partie de votre syst\u00e8me digestif, que je synth\u00e9tise le cholest\u00e9rol et que je s\u00e9cr\u00e8te la bile. J\u2019ai principalement des fonctions de synth\u00e8se, de d\u00e9toxification et de stockage (exemple : fer, vitamines A, D, B12).<\/p>\n<p>Mais aujourd\u2019hui je vais vous parler de moi du point de vue de la m\u00e9decine traditionnelle chinoise.<\/p>\n<p>[\/et_pb_text][et_pb_text _builder_version=\u00a0\u00bb3.22.7&Prime;]<\/p>\n<p>J\u2019ai une fonction importante dans la <span style=\"color: #99cc00;\">libre circulation du Qi<\/span> (\u00e9nergie) dans le corps. Si vous vous accrochez trop \u00e0 des situations, des \u00e9motions, vous cr\u00e9ez des stagnations et une circulation d\u2019\u00e9nergie stagnante finira par nuire \u00e0 tous vos organes.<\/p>\n<p>Mon \u00e9nergie est montante et expansive comme l\u2019\u00e9nergie dans la nature au printemps. Elle peut cr\u00e9er des tensions dans la nuque et le trap\u00e8ze, des raideurs de cou, des maux de t\u00eate et vertiges. Je provoque parfois aussi une sensation de boule dans la gorge, le syndrome du noyau de prune. Sous mon influence, les douleurs se d\u00e9placent dans le corps. Il m\u2019arrive de perturber votre <span style=\"color: #99cc00;\">sommeil<\/span> entre 1h et 3h du matin.<\/p>\n<p>Si mon \u00e9nergie n\u2019est pas harmonieuse, je peux d\u00e9s\u00e9quilibrer votre digestion et produire ballonnement, \u00e9ructations, naus\u00e9es. Une alimentation trop grasse, trop sucr\u00e9e et trop d\u2019alcool me nuisent physiquement et suscite de la col\u00e8re en moi. \u00c0 l\u2019envers, si vous \u00eates de temp\u00e9rament col\u00e9rique, votre col\u00e8re m\u2019affecte physiquement.<\/p>\n<p>Je supporte mal les contraintes et n\u2019aime pas les <span style=\"color: #99cc00;\">\u00ab Je dois, je dois,&#8230; \u00bb.<\/span><\/p>\n<p>Un<span style=\"color: #99cc00;\"> climat trop venteux<\/span> au printemps m\u2019incommode.<\/p>\n<p>Une de mes fonctions importantes est d\u2019\u00e9purer le <span style=\"color: #99cc00;\">sang<\/span> et de r\u00e9gulariser le volume de sang dans le corps. Quand vous vous mettez \u00e0 courir, j\u2019envoie plus de sang dans les vaisseaux sanguins pour nourrir vos muscles et tendons.<\/p>\n<p>J\u2019influence \u00e9galement les <span style=\"color: #99cc00;\">menstruations<\/span>. Si je suis d\u00e9s\u00e9quilibr\u00e9, je peux provoquer des am\u00e9norrh\u00e9es, des r\u00e8gles h\u00e9morragiques, parfois avec des caillots de sang, des douleurs avant et pendant les r\u00e8gles.<\/p>\n<p>Je vous aide \u00e0 avoir une <span style=\"color: #99cc00;\">vision claire<\/span> de votre chemin, \u00e0 faire des choix, \u00e0 prendre des d\u00e9cisions. La v\u00e9sicule biliaire vous permet de trancher et vous aide \u00e0 vous mettre en mouvement. Si votre \u00e9l\u00e9ment bois est bien \u00e9quilibr\u00e9, vous \u00eates cr\u00e9atifs, dynamiques, avez de l\u2019imagination. Vous prenez facilement les bonnes d\u00e9cisions et les ex\u00e9cutez \u00e9galement. Par contre, si vous avez des difficult\u00e9s \u00e0 vous mettre en mouvement, que votre corps est raide, que votre fa\u00e7on de penser est impr\u00e9gn\u00e9e de rigidit\u00e9, prenez soin de moi.<\/p>\n<p>Je nourris vos <span style=\"color: #99cc00;\">yeux<\/span>. Si vos yeux sont secs ou au contraire larmoyants, si vous avez des probl\u00e8mes d\u2019acuit\u00e9 visuelle, je vous propose les exercices suivants \u00e0 faire quotidiennement :<\/p>\n<p>[\/et_pb_text][\/et_pb_column][\/et_pb_row][et_pb_row _builder_version=\u00a0\u00bb3.22.7&Prime;][et_pb_column type=\u00a0\u00bb4_4&Prime; _builder_version=\u00a0\u00bb3.22.7&Prime;][et_pb_divider _builder_version=\u00a0\u00bb3.22.7&Prime; custom_margin=\u00a0\u00bb-27px||-35px\u00a0\u00bb][\/et_pb_divider][\/et_pb_column][\/et_pb_row][et_pb_row _builder_version=\u00a0\u00bb3.22.7&Prime;][et_pb_column type=\u00a0\u00bb3_5&Prime; _builder_version=\u00a0\u00bb3.22.7&Prime;][et_pb_text _builder_version=\u00a0\u00bb3.22.7&Prime;]<\/p>\n<h2><span style=\"color: #99cc00;\">Exercices pour les yeux :<\/span><\/h2>\n<ul>\n<li>Reposez vos yeux en regardant au loin, vers l\u2019horizon.<\/li>\n<li>Regardez en alternance en haut et en bas 9 fois.<\/li>\n<li>Regardez \u00e0 droite et \u00e0 gauche 9 fois sans bouger la t\u00eate.<\/li>\n<li>Faites des cercles avec les yeux 9 fois dans un sens, puis dans l\u2019autre.<\/li>\n<li>Positionnez votre index devant le visage, regardez en alternance index et horizon.<\/li>\n<li>Entre les exercices, frottez vos mains pour les chauffer et posez les paumes de mains sur vos yeux. Absorbez en inspirant l\u2019\u00e9nergie des mains pour recharger vos yeux.<\/li>\n<li>Avec vos doigts, tapotez les sourcils, l\u2019ext\u00e9rieur des yeux, sous les yeux. Vous stimulez ainsi plusieurs points de m\u00e9ridiens.<\/li>\n<\/ul>\n<p>[\/et_pb_text][\/et_pb_column][et_pb_column type=\u00a0\u00bb2_5&Prime; _builder_version=\u00a0\u00bb3.22.7&Prime;][et_pb_text _builder_version=\u00a0\u00bb3.22.7&Prime;]<\/p>\n<p>Pour <span style=\"color: #99cc00;\">m\u2019\u00e9quilibrer<\/span>, prenez soin de votre alimentation et cultivez <span style=\"color: #99cc00;\">la gentillesse, la bont\u00e9, la g\u00e9n\u00e9rosit\u00e9<\/span>.<\/p>\n<h2><span style=\"color: #99cc00;\">Exercice :<\/span><\/h2>\n<p>Je vous invite \u00e0 vous installer confortablement, fermez les yeux, respirez profond\u00e9ment et connectez-vous \u00e0 moi, votre foie. Observez comment je me porte. Avez-vous des images, un ressenti, un message\u00a0? Peut-\u00eatre que c\u2019est la premi\u00e8re fois que vous me rendez visite. Envoyez-moi un sourire bienveillant et des pens\u00e9es de gratitude. Rechargez-moi avec la couleur verte. Faites cela jusqu\u2019\u00e0 ce que vous vous sentiez rempli d\u2019une \u00e9nergie sereine. Je vous en saurai gr\u00e9.<\/p>\n<p>[\/et_pb_text][\/et_pb_column][\/et_pb_row][et_pb_row _builder_version=\u00a0\u00bb3.22.7&Prime;][et_pb_column type=\u00a0\u00bb4_4&Prime; _builder_version=\u00a0\u00bb3.22.7&Prime;][et_pb_divider _builder_version=\u00a0\u00bb3.22.7&Prime;][\/et_pb_divider][\/et_pb_column][\/et_pb_row][\/et_pb_section][et_pb_section fb_built=\u00a0\u00bb1&Prime; disabled_on=\u00a0\u00bboff|off|off\u00a0\u00bb admin_label=\u00a0\u00bbAgenda\u00a0\u00bb _builder_version=\u00a0\u00bb3.22.7&Prime; custom_margin=\u00a0\u00bb||\u00a0\u00bb custom_padding=\u00a0\u00bb0px|||||\u00a0\u00bb][et_pb_row _builder_version=\u00a0\u00bb3.22.7&Prime;][et_pb_column type=\u00a0\u00bb4_4&Prime; _builder_version=\u00a0\u00bb3.22.7&Prime;][et_pb_divider color=\u00a0\u00bb#000000&Prime; divider_weight=\u00a0\u00bb13px\u00a0\u00bb _builder_version=\u00a0\u00bb3.22.7&Prime; width=\u00a0\u00bb180px\u00a0\u00bb custom_padding=\u00a0\u00bb|||50px\u00a0\u00bb][\/et_pb_divider][et_pb_divider color=\u00a0\u00bb#000000&Prime; _builder_version=\u00a0\u00bb3.22.7&Prime; custom_margin=\u00a0\u00bb-57px||\u00a0\u00bb custom_margin_tablet=\u00a0\u00bb-44px||\u00a0\u00bb custom_margin_last_edited=\u00a0\u00bbon|phone\u00a0\u00bb custom_padding=\u00a0\u00bb0px||\u00a0\u00bb][\/et_pb_divider][\/et_pb_column][\/et_pb_row][et_pb_row custom_padding=\u00a0\u00bb0px||0px|||\u00a0\u00bb custom_margin=\u00a0\u00bb||\u00a0\u00bb padding_top_1=\u00a0\u00bb0px\u00a0\u00bb admin_label=\u00a0\u00bbTitre Agenda\u00a0\u00bb _builder_version=\u00a0\u00bb3.22.7&Prime;][et_pb_column type=\u00a0\u00bb1_2&Prime; _builder_version=\u00a0\u00bb3.22.7&Prime;][et_pb_text _builder_version=\u00a0\u00bb3.22.7&Prime; header_font=\u00a0\u00bbGeorgia||||||||\u00a0\u00bb header_text_color=\u00a0\u00bb#000000&Prime; header_font_size=\u00a0\u00bb48px\u00a0\u00bb header_font_size_tablet=\u00a0\u00bb36px\u00a0\u00bb header_font_size_phone=\u00a0\u00bb24px\u00a0\u00bb header_font_size_last_edited=\u00a0\u00bbon|tablet\u00a0\u00bb custom_margin=\u00a0\u00bb-25px|||50px\u00a0\u00bb]<\/p>\n<h1>INSTITUT<\/h1>\n<p>[\/et_pb_text][\/et_pb_column][et_pb_column type=\u00a0\u00bb1_2&Prime; _builder_version=\u00a0\u00bb3.22.7&Prime;][et_pb_text _builder_version=\u00a0\u00bb3.22.7&Prime; text_font=\u00a0\u00bb||||||||\u00a0\u00bb header_font=\u00a0\u00bb||||||||\u00a0\u00bb header_2_font=\u00a0\u00bbTimes New Roman||||||||\u00a0\u00bb][\/et_pb_text][\/et_pb_column][\/et_pb_row][et_pb_row _builder_version=\u00a0\u00bb3.22.7&Prime;][et_pb_column type=\u00a0\u00bb1_3&Prime; _builder_version=\u00a0\u00bb3.22.7&Prime;][et_pb_image src=\u00a0\u00bbhttps:\/\/rivegauche-magazine.ch\/wp-content\/uploads\/2020\/03\/tao-500.jpg\u00a0\u00bb url=\u00a0\u00bbhttps:\/\/rivegauche-magazine.ch\/index.php\/institut-salon\/tao\/\u00a0\u00bb _builder_version=\u00a0\u00bb3.22.7&Prime;][\/et_pb_image][et_pb_text admin_label=\u00a0\u00bbrecette\u00a0\u00bb _builder_version=\u00a0\u00bb3.22.7&Prime; custom_margin=\u00a0\u00bb-25px||\u00a0\u00bb link_option_url=\u00a0\u00bbhttps:\/\/rivegauche-magazine.ch\/index.php\/institut-salon\/tao\/\u00a0\u00bb]<\/p>\n<h1 style=\"text-align: right;\">TAO<\/h1>\n<p>[\/et_pb_text][\/et_pb_column][et_pb_column type=\u00a0\u00bb1_3&Prime; _builder_version=\u00a0\u00bb3.22.7&Prime;][\/et_pb_column][et_pb_column type=\u00a0\u00bb1_3&Prime; _builder_version=\u00a0\u00bb3.22.7&Prime;][\/et_pb_column][\/et_pb_row][\/et_pb_section]<\/p>\n","protected":false},"excerpt":{"rendered":"<p>Je suis l\u2019organe yin de l\u2019\u00e9l\u00e9ment bois. Mon partenaire yang est la v\u00e9sicule biliaire. Ma saison est le printemps. L\u2019\u00e9l\u00e9ment bois\u00a0est li\u00e9 au mouvement de renouveau. Entre 1h et 3h, je suis \u00e0 mon maximum d\u2019\u00e9nergie. Le sens qui m\u2019est associ\u00e9 est la vue, l\u2019organe de sens les yeux. Les tissus\u00a0en lien avec moi sont [&hellip;]<\/p>\n","protected":false},"author":3,"featured_media":0,"parent":1296,"menu_order":0,"comment_status":"closed","ping_status":"closed","template":"","meta":{"_et_pb_use_builder":"on","_et_pb_old_content":"","_et_gb_content_width":"","footnotes":""},"class_list":["post-3179","page","type-page","status-publish","hentry"],"_links":{"self":[{"href":"https:\/\/geneveetvousmagazine.ch\/index.php\/wp-json\/wp\/v2\/pages\/3179","targetHints":{"allow":["GET"]}}],"collection":[{"href":"https:\/\/geneveetvousmagazine.ch\/index.php\/wp-json\/wp\/v2\/pages"}],"about":[{"href":"https:\/\/geneveetvousmagazine.ch\/index.php\/wp-json\/wp\/v2\/types\/page"}],"author":[{"embeddable":true,"href":"https:\/\/geneveetvousmagazine.ch\/index.php\/wp-json\/wp\/v2\/users\/3"}],"replies":[{"embeddable":true,"href":"https:\/\/geneveetvousmagazine.ch\/index.php\/wp-json\/wp\/v2\/comments?post=3179"}],"version-history":[{"count":8,"href":"https:\/\/geneveetvousmagazine.ch\/index.php\/wp-json\/wp\/v2\/pages\/3179\/revisions"}],"predecessor-version":[{"id":3219,"href":"https:\/\/geneveetvousmagazine.ch\/index.php\/wp-json\/wp\/v2\/pages\/3179\/revisions\/3219"}],"up":[{"embeddable":true,"href":"https:\/\/geneveetvousmagazine.ch\/index.php\/wp-json\/wp\/v2\/pages\/1296"}],"wp:attachment":[{"href":"https:\/\/geneveetvousmagazine.ch\/index.php\/wp-json\/wp\/v2\/media?parent=3179"}],"curies":[{"name":"wp","href":"https:\/\/api.w.org\/{rel}","templated":true}]}}