{"id":2141,"date":"2020-03-11T14:28:37","date_gmt":"2020-03-11T13:28:37","guid":{"rendered":"https:\/\/rivegauche-magazine.ch\/?page_id=2141"},"modified":"2020-11-19T11:07:21","modified_gmt":"2020-11-19T10:07:21","slug":"artya","status":"publish","type":"page","link":"https:\/\/geneveetvousmagazine.ch\/index.php\/mode-pret-a-porter-accessoires\/artya\/","title":{"rendered":"Artya"},"content":{"rendered":"<p>[et_pb_section fb_built=\u00a0\u00bb1&Prime; _builder_version=\u00a0\u00bb3.22.7&Prime;][et_pb_row _builder_version=\u00a0\u00bb3.25&Prime;][et_pb_column type=\u00a0\u00bb4_4&Prime; _builder_version=\u00a0\u00bb3.25&Prime; custom_padding=\u00a0\u00bb|||\u00a0\u00bb custom_padding__hover=\u00a0\u00bb|||\u00a0\u00bb][\/et_pb_column][\/et_pb_row][\/et_pb_section][et_pb_section fb_built=\u00a0\u00bb1&Prime; admin_label=\u00a0\u00bbArticles 1 colonne\u00a0\u00bb _builder_version=\u00a0\u00bb3.22.7&Prime; custom_margin=\u00a0\u00bb||\u00a0\u00bb custom_padding=\u00a0\u00bb0px|||||\u00a0\u00bb][et_pb_row admin_label=\u00a0\u00bbTitre Agenda\u00a0\u00bb _builder_version=\u00a0\u00bb3.25&Prime; custom_margin=\u00a0\u00bb||\u00a0\u00bb custom_padding=\u00a0\u00bb0px||0px|||\u00a0\u00bb column_structure=\u00a0\u00bb1_2,1_2&Prime;][et_pb_column type=\u00a0\u00bb1_2&Prime; _builder_version=\u00a0\u00bb3.25&Prime; custom_padding=\u00a0\u00bb0px|||\u00a0\u00bb custom_padding__hover=\u00a0\u00bb|||\u00a0\u00bb][et_pb_image src=\u00a0\u00bbhttps:\/\/rivegauche-magazine.ch\/wp-content\/uploads\/2020\/11\/2C_ARTYA2.jpg\u00a0\u00bb align_tablet=\u00a0\u00bbcenter\u00a0\u00bb align_last_edited=\u00a0\u00bbon|desktop\u00a0\u00bb _builder_version=\u00a0\u00bb4.6.6&Prime; hover_enabled=\u00a0\u00bb0&Prime; title_text=\u00a0\u00bb2C_ARTYA2&Prime; sticky_enabled=\u00a0\u00bb0&Prime;][\/et_pb_image][et_pb_image src=\u00a0\u00bbhttps:\/\/rivegauche-magazine.ch\/wp-content\/uploads\/2020\/11\/2C_ARTYA3.jpg\u00a0\u00bb align_tablet=\u00a0\u00bbcenter\u00a0\u00bb align_last_edited=\u00a0\u00bbon|desktop\u00a0\u00bb _builder_version=\u00a0\u00bb4.6.6&Prime; hover_enabled=\u00a0\u00bb0&Prime; title_text=\u00a0\u00bb2C_ARTYA3&Prime; sticky_enabled=\u00a0\u00bb0&Prime;][\/et_pb_image][et_pb_image src=\u00a0\u00bbhttps:\/\/rivegauche-magazine.ch\/wp-content\/uploads\/2020\/11\/2C_ARTYA4.jpg\u00a0\u00bb align_tablet=\u00a0\u00bbcenter\u00a0\u00bb align_last_edited=\u00a0\u00bbon|desktop\u00a0\u00bb _builder_version=\u00a0\u00bb4.6.6&Prime; hover_enabled=\u00a0\u00bb0&Prime; title_text=\u00a0\u00bb2C_ARTYA4&Prime; sticky_enabled=\u00a0\u00bb0&Prime;][\/et_pb_image][\/et_pb_column][et_pb_column type=\u00a0\u00bb1_2&Prime; _builder_version=\u00a0\u00bb3.25&Prime; custom_padding=\u00a0\u00bb|||\u00a0\u00bb custom_padding__hover=\u00a0\u00bb|||\u00a0\u00bb][et_pb_text admin_label=\u00a0\u00bbNOM CLIENT\u00a0\u00bb _builder_version=\u00a0\u00bb4.6.6&Prime; header_font=\u00a0\u00bb|||||on|||\u00a0\u00bb header_text_align=\u00a0\u00bbleft\u00a0\u00bb header_text_color=\u00a0\u00bb#000000&Prime; header_font_size=\u00a0\u00bb48px\u00a0\u00bb custom_margin=\u00a0\u00bb|||\u00a0\u00bb hover_enabled=\u00a0\u00bb0&Prime; header_font_size_tablet=\u00a0\u00bb36px\u00a0\u00bb header_font_size_phone=\u00a0\u00bb24px\u00a0\u00bb header_font_size_last_edited=\u00a0\u00bbon|tablet\u00a0\u00bb sticky_enabled=\u00a0\u00bb0&Prime;]<\/p>\n<h1 style=\"text-align: left;\">ARTYA Watches<br \/>Manufacture of emotions<\/h1>\n<p>[\/et_pb_text][et_pb_text admin_label=\u00a0\u00bbDESCRIPTION\u00a0\u00bb _builder_version=\u00a0\u00bb4.6.6&Prime; hover_enabled=\u00a0\u00bb0&Prime; sticky_enabled=\u00a0\u00bb0&Prime;]<\/p>\n<div class=\"et_pb_column et_pb_column_4_4 et_pb_column_1 et_pb_css_mix_blend_mode_passthrough et-last-child\" style=\"text-align: justify;\">\n<p>ArtyA, marque de haute horlogerie fond\u00e9e en 2009 par Yvan Arpa est reconnue pour sa cr\u00e9ativit\u00e9 hors normes et ses montres uniques ou en \u00e9dition limit\u00e9e qui ont ouvert la voie a une nouvelle fa\u00e7on d\u2019envisager la haute horlogerie. Tous les produits ArtyA sont cr\u00e9\u00e9s avec passion et amour par Yvan Arpa. Chaque artiste et ma\u00eetre horloger s\u00e9lectionne avec soin les meilleurs mat\u00e9riaux disponibles et utilise les plus hauts niveaux d\u2019expertise.<\/p>\n<\/div>\n<div>Pas de production de masse, le vrai luxe est exclusif, limit\u00e9, intimiste , rare. Certains de ces garde-temps sont expos\u00e9s dans les mus\u00e9es d\u2019art les plus prestigieux de la plan\u00e8te. Mais il n\u2019y a pas que le style qui soit unique, le c\u00f4t\u00e9 m\u00e9canique l\u2019est aussi, \u00e0 l\u2019image du mouvement automatique ArtyA Aion certifi\u00e9 COSC et des mouvements hautes complications ArtyA.<\/div>\n<p>[\/et_pb_text][et_pb_button button_url=\u00a0\u00bbhttps:\/\/www.artya.com\u00a0\u00bb url_new_window=\u00a0\u00bbon\u00a0\u00bb button_text=\u00a0\u00bbSITE INTERNET\u00a0\u00bb admin_label=\u00a0\u00bbBOUTON SITE WEB\u00a0\u00bb _builder_version=\u00a0\u00bb3.22.7&Prime;][\/et_pb_button][et_pb_text admin_label=\u00a0\u00bbCONTACT\u00a0\u00bb _builder_version=\u00a0\u00bb4.6.6&Prime; hover_enabled=\u00a0\u00bb0&Prime; sticky_enabled=\u00a0\u00bb0&Prime;]<\/p>\n<p class=\"font_8\">Rue Neuve du Molard,22 &#8211; 1204 Gen\u00e8ve<br \/>T\u00e9l. 022 752 49 40 &#8211; <a href=\"mailto:info@artya.com\">info@artya.com<\/a><\/p>\n<p>[\/et_pb_text][et_pb_text admin_label=\u00a0\u00bbDESCRIPTION\u00a0\u00bb _builder_version=\u00a0\u00bb4.6.6&Prime; hover_enabled=\u00a0\u00bb0&Prime; sticky_enabled=\u00a0\u00bb0&Prime;]<\/p>\n<p style=\"text-align: justify;\"><strong>SON OF EARTH<\/strong><br \/>L\u2019artiste Dominique Arpa-Cirpka a invent\u00e9 pour cette collection une nouvelle fa\u00e7on de travailler sur les cadrans, en incorporant de v\u00e9ritables feuilles de tabac, des ailes de papillons, des pigments naturels, des algues et des feuilles d\u2019or stabilis\u00e9s \u00e0 jamais dans le temps. Chaque cadran donne un effet saisissant et organique, faisant vibrer les couleurs et les diff\u00e9rentes textures, cr\u00e9ant un effet unique pour ces garde-temps exceptionnels.<\/p>\n<p>&nbsp;<\/p>\n<p style=\"text-align: justify;\"><strong>SON OF GEARS<\/strong><br \/>Cette collection est un hommage au savoir-faire ancestral du monde de l\u2019horlogerie. Ici, vous trouverez des r\u00e9interpr\u00e9tations de classiques de l\u2019horlogerie, comme par exemple des mouvements chronograph, mais aussi de sublimes mouvements m\u00e9caniques squelett\u00e9s s\u2019apparentant aux rayons du soleil (shams), \u00e0 la fleur edelweiss, \u00e0 un flocon de neige ou encore une \u00e9toile.<\/p>\n<p>&nbsp;<\/p>\n<p style=\"text-align: justify;\"><strong>SON OF ART<\/strong><br \/>Absence de limites et cr\u00e9ativit\u00e9 d\u00e9bordante sont les mots cl\u00e9s de cette collection. chaque cadran est une v\u00e9ritable \u0153uvre d&rsquo;art unique.<\/p>\n<p>&nbsp;<\/p>\n<p style=\"text-align: justify;\"><strong>COMPLICATIONS<\/strong><br \/>R\u00e9p\u00e9tition minute, calendrier perp\u00e9tuel, chronos tourbillons monopoussoir ou r\u00e9p\u00e9tion minute 3 gongs avec r\u00e9gulateur et tourbillon double axes, ArtyA propose un incroyable choix de hautes complications uniques.<\/p>\n<p>&nbsp;<\/p>\n<p><strong>ARTYA LIFESTYLE<\/strong><br \/>ArtyA propose \u00e9galement une magnifique ligne de maroquinerie faite main pour homme et femme.<br \/><strong>\u00c0 d\u00e9couvrir sur : www.artyalifestyle.com<\/strong><\/p>\n<p>[\/et_pb_text][\/et_pb_column][\/et_pb_row][et_pb_row _builder_version=\u00a0\u00bb3.25&Prime;][et_pb_column type=\u00a0\u00bb4_4&Prime; _builder_version=\u00a0\u00bb3.25&Prime; custom_padding=\u00a0\u00bb|||\u00a0\u00bb custom_padding__hover=\u00a0\u00bb|||\u00a0\u00bb][et_pb_divider _builder_version=\u00a0\u00bb3.22.7&Prime;][\/et_pb_divider][\/et_pb_column][\/et_pb_row][\/et_pb_section]<\/p>\n","protected":false},"excerpt":{"rendered":"<p>ARTYA WatchesManufacture of emotions ArtyA, marque de haute horlogerie fond\u00e9e en 2009 par Yvan Arpa est reconnue pour sa cr\u00e9ativit\u00e9 hors normes et ses montres uniques ou en \u00e9dition limit\u00e9e qui ont ouvert la voie a une nouvelle fa\u00e7on d\u2019envisager la haute horlogerie. Tous les produits ArtyA sont cr\u00e9\u00e9s avec passion et amour par Yvan [&hellip;]<\/p>\n","protected":false},"author":2,"featured_media":0,"parent":1271,"menu_order":0,"comment_status":"closed","ping_status":"closed","template":"","meta":{"_et_pb_use_builder":"on","_et_pb_old_content":"","_et_gb_content_width":"","footnotes":""},"class_list":["post-2141","page","type-page","status-publish","hentry"],"_links":{"self":[{"href":"https:\/\/geneveetvousmagazine.ch\/index.php\/wp-json\/wp\/v2\/pages\/2141","targetHints":{"allow":["GET"]}}],"collection":[{"href":"https:\/\/geneveetvousmagazine.ch\/index.php\/wp-json\/wp\/v2\/pages"}],"about":[{"href":"https:\/\/geneveetvousmagazine.ch\/index.php\/wp-json\/wp\/v2\/types\/page"}],"author":[{"embeddable":true,"href":"https:\/\/geneveetvousmagazine.ch\/index.php\/wp-json\/wp\/v2\/users\/2"}],"replies":[{"embeddable":true,"href":"https:\/\/geneveetvousmagazine.ch\/index.php\/wp-json\/wp\/v2\/comments?post=2141"}],"version-history":[{"count":7,"href":"https:\/\/geneveetvousmagazine.ch\/index.php\/wp-json\/wp\/v2\/pages\/2141\/revisions"}],"predecessor-version":[{"id":5155,"href":"https:\/\/geneveetvousmagazine.ch\/index.php\/wp-json\/wp\/v2\/pages\/2141\/revisions\/5155"}],"up":[{"embeddable":true,"href":"https:\/\/geneveetvousmagazine.ch\/index.php\/wp-json\/wp\/v2\/pages\/1271"}],"wp:attachment":[{"href":"https:\/\/geneveetvousmagazine.ch\/index.php\/wp-json\/wp\/v2\/media?parent=2141"}],"curies":[{"name":"wp","href":"https:\/\/api.w.org\/{rel}","templated":true}]}}