{"id":16963,"date":"2025-07-09T10:32:30","date_gmt":"2025-07-09T08:32:30","guid":{"rendered":"https:\/\/rivegauche-magazine.ch\/?page_id=16963"},"modified":"2025-07-09T10:45:44","modified_gmt":"2025-07-09T08:45:44","slug":"endometriose","status":"publish","type":"page","link":"https:\/\/geneveetvousmagazine.ch\/index.php\/endometriose\/","title":{"rendered":"ENDOM\u00c9TRIOSE"},"content":{"rendered":"<p>[et_pb_section fb_built=\u00a0\u00bb1&Prime; _builder_version=\u00a0\u00bb4.17.6&Prime; _module_preset=\u00a0\u00bbdefault\u00a0\u00bb global_colors_info=\u00a0\u00bb{}\u00a0\u00bb][\/et_pb_section][et_pb_section fb_built=\u00a0\u00bb1&Prime; admin_label=\u00a0\u00bbArticles 1 colonne\u00a0\u00bb _builder_version=\u00a0\u00bb4.16&Prime; custom_margin=\u00a0\u00bb||\u00a0\u00bb custom_padding=\u00a0\u00bb0px|||||\u00a0\u00bb global_colors_info=\u00a0\u00bb{}\u00a0\u00bb][et_pb_row _builder_version=\u00a0\u00bb4.16&Prime; global_colors_info=\u00a0\u00bb{}\u00a0\u00bb][et_pb_column type=\u00a0\u00bb4_4&Prime; _builder_version=\u00a0\u00bb4.16&Prime; custom_padding=\u00a0\u00bb|||\u00a0\u00bb global_colors_info=\u00a0\u00bb{}\u00a0\u00bb custom_padding__hover=\u00a0\u00bb|||\u00a0\u00bb][et_pb_text admin_label=\u00a0\u00bbTITRE\u00a0\u00bb _builder_version=\u00a0\u00bb4.17.6&Prime; header_font=\u00a0\u00bb|||||on|||\u00a0\u00bb header_text_align=\u00a0\u00bbleft\u00a0\u00bb header_text_color=\u00a0\u00bb#000000&Prime; header_font_size=\u00a0\u00bb48px\u00a0\u00bb custom_margin=\u00a0\u00bb|||\u00a0\u00bb hover_enabled=\u00a0\u00bb0&Prime; header_font_size_tablet=\u00a0\u00bb36px\u00a0\u00bb header_font_size_phone=\u00a0\u00bb24px\u00a0\u00bb header_font_size_last_edited=\u00a0\u00bbon|tablet\u00a0\u00bb global_colors_info=\u00a0\u00bb{}\u00a0\u00bb sticky_enabled=\u00a0\u00bb0&Prime;]<\/p>\n<h1 style=\"text-align: center;\"><span style=\"color: #000000;\">ENDOM\u00c9TRIOSE<\/span><\/h1>\n<p>[\/et_pb_text][\/et_pb_column][\/et_pb_row][et_pb_row _builder_version=\u00a0\u00bb4.16&Prime; global_colors_info=\u00a0\u00bb{}\u00a0\u00bb][et_pb_column type=\u00a0\u00bb4_4&Prime; _builder_version=\u00a0\u00bb4.16&Prime; custom_padding=\u00a0\u00bb|||\u00a0\u00bb global_colors_info=\u00a0\u00bb{}\u00a0\u00bb custom_padding__hover=\u00a0\u00bb|||\u00a0\u00bb][et_pb_image src=\u00a0\u00bbhttps:\/\/rivegauche-magazine.ch\/wp-content\/uploads\/2025\/07\/endometriose-45.png\u00a0\u00bb title_text=\u00a0\u00bbendometriose-45&Prime; align=\u00a0\u00bbcenter\u00a0\u00bb align_tablet=\u00a0\u00bbcenter\u00a0\u00bb align_phone=\u00a0\u00bb\u00a0\u00bb align_last_edited=\u00a0\u00bbon|desktop\u00a0\u00bb _builder_version=\u00a0\u00bb4.17.6&Prime; transform_scale_tablet=\u00a0\u00bb\u00a0\u00bb transform_scale_phone=\u00a0\u00bb\u00a0\u00bb transform_scale_last_edited=\u00a0\u00bbon|desktop\u00a0\u00bb transform_translate_tablet=\u00a0\u00bb\u00a0\u00bb transform_translate_phone=\u00a0\u00bb\u00a0\u00bb transform_translate_last_edited=\u00a0\u00bbon|desktop\u00a0\u00bb transform_rotate=\u00a0\u00bb0deg|0deg|4deg\u00a0\u00bb transform_rotate_tablet=\u00a0\u00bb0deg|0deg|4deg\u00a0\u00bb transform_rotate_phone=\u00a0\u00bb0deg|0deg|4deg\u00a0\u00bb transform_rotate_last_edited=\u00a0\u00bbon|desktop\u00a0\u00bb transform_skew_tablet=\u00a0\u00bb\u00a0\u00bb transform_skew_phone=\u00a0\u00bb\u00a0\u00bb transform_skew_last_edited=\u00a0\u00bbon|desktop\u00a0\u00bb transform_origin_tablet=\u00a0\u00bb\u00a0\u00bb transform_origin_phone=\u00a0\u00bb\u00a0\u00bb transform_origin_last_edited=\u00a0\u00bbon|desktop\u00a0\u00bb transform_styles_last_edited=\u00a0\u00bbon|desktop\u00a0\u00bb module_alignment=\u00a0\u00bbcenter\u00a0\u00bb custom_margin=\u00a0\u00bb||||false|false\u00a0\u00bb custom_margin_tablet=\u00a0\u00bb||||false|false\u00a0\u00bb custom_margin_phone=\u00a0\u00bb||||false|false\u00a0\u00bb custom_margin_last_edited=\u00a0\u00bbon|desktop\u00a0\u00bb custom_padding=\u00a0\u00bb1em|0px||0px|false|true\u00a0\u00bb custom_padding_tablet=\u00a0\u00bb2em||||false|true\u00a0\u00bb custom_padding_phone=\u00a0\u00bb1em||0em||false|true\u00a0\u00bb custom_padding_last_edited=\u00a0\u00bbon|phone\u00a0\u00bb hover_enabled=\u00a0\u00bb0&Prime; transform_styles_tablet=\u00a0\u00bb\u00a0\u00bb transform_styles_phone=\u00a0\u00bb\u00a0\u00bb border_width_all=\u00a0\u00bb1em\u00a0\u00bb border_color_all=\u00a0\u00bb#FFFFFF\u00a0\u00bb box_shadow_style=\u00a0\u00bbpreset1&Prime; global_colors_info=\u00a0\u00bb{}\u00a0\u00bb sticky_enabled=\u00a0\u00bb0&Prime;][\/et_pb_image][\/et_pb_column][\/et_pb_row][et_pb_row column_structure=\u00a0\u00bb1_2,1_2&Prime; _builder_version=\u00a0\u00bb4.17.6&Prime; _module_preset=\u00a0\u00bbdefault\u00a0\u00bb global_colors_info=\u00a0\u00bb{}\u00a0\u00bb][et_pb_column type=\u00a0\u00bb1_2&Prime; _builder_version=\u00a0\u00bb4.17.6&Prime; _module_preset=\u00a0\u00bbdefault\u00a0\u00bb global_colors_info=\u00a0\u00bb{}\u00a0\u00bb][et_pb_text _builder_version=\u00a0\u00bb4.17.6&Prime; _module_preset=\u00a0\u00bbdefault\u00a0\u00bb hover_enabled=\u00a0\u00bb0&Prime; global_colors_info=\u00a0\u00bb{}\u00a0\u00bb sticky_enabled=\u00a0\u00bb0&Prime;]<\/p>\n<p>Des douleurs au ventre, une fatigue qui ne passe pas, des rapports sexuels douloureux, des infections urinaires \u00e0 r\u00e9p\u00e9tition, ou encore des difficult\u00e9s \u00e0 tomber enceinte\u2026 L\u2019endom\u00e9triose est une maladie chronique aux multiples visages, qui touche environ 190\u2019000 femmes en Suisse.<\/p>\n<p>Sa complexit\u00e9 ? Des sympt\u00f4mes tr\u00e8s vari\u00e9s, souvent mal compris. La douleur peut \u00eatre constante, diffuse, envahissante. Les atteintes concernent parfois la vessie, l\u2019ut\u00e9rus, le rectum ou encore les ligaments\u2026 Et c\u2019est justement cette diversit\u00e9 de localisations qui rend le diagnostic si long. On estime aujourd\u2019hui qu\u2019il faut entre 7 et 10 ans pour que la maladie soit identifi\u00e9e, notamment par manque de sensibilisation du corps m\u00e9dical \u00e0 cette pathologie.<br \/>Mais au-del\u00e0 des sympt\u00f4mes physiques, c\u2019est une \u00e9preuve \u00e9motionnelle. La solitude, l\u2019incompr\u00e9hension, les rendez-vous m\u00e9dicaux \u00e0 r\u00e9p\u00e9tition, les fausses pistes, on tente de tenir bon\u2026 parfois au d\u00e9triment de sa vie sociale, professionnelle ou intime. L\u2019endom\u00e9triose prend de la place. Trop.<br \/>Dans la sph\u00e8re professionnelle, les cons\u00e9quences sont bien r\u00e9elles : absent\u00e9isme plus fr\u00e9quent, baisse de productivit\u00e9, fatigue chronique\u2026 Certaines femmes finissent m\u00eame par renoncer \u00e0 certaines opportunit\u00e9s de carri\u00e8re. Quelques-unes vont jusqu\u2019\u00e0 changer de voie ou se voient malheureusement mises de c\u00f4t\u00e9. Une injustice silencieuse pour une maladie encore trop invisible.<\/p>\n<p>[\/et_pb_text][\/et_pb_column][et_pb_column type=\u00a0\u00bb1_2&Prime; _builder_version=\u00a0\u00bb4.17.6&Prime; _module_preset=\u00a0\u00bbdefault\u00a0\u00bb global_colors_info=\u00a0\u00bb{}\u00a0\u00bb][et_pb_text _builder_version=\u00a0\u00bb4.17.6&Prime; _module_preset=\u00a0\u00bbdefault\u00a0\u00bb hover_enabled=\u00a0\u00bb0&Prime; global_colors_info=\u00a0\u00bb{}\u00a0\u00bb sticky_enabled=\u00a0\u00bb0&Prime;]<\/p>\n<p><strong>Les traitements traditionnels<br \/><\/strong>En m\u00e9decine traditionnelle, on vous prescrira souvent la pilule pour r\u00e9guler les hormones et calmer les douleurs. En cas de forme s\u00e9v\u00e8re, une intervention chirurgicale peut \u00eatre envisag\u00e9e. Mais ces solutions ne sont pas toujours suffisantes.<\/p>\n<p><strong>Que faire<\/strong> <strong>en compl\u00e9ment ?<\/strong><br \/>La Microkin\u00e9sith\u00e9rapie<br \/>est une m\u00e9thode douce qui aide \u00e0 lib\u00e9rer les tensions accumul\u00e9es dans le corps, qu\u2019elles soient d\u2019origine physique ou \u00e9motionnelle. Elle permet, entre autres :<br \/>\u2022 d\u2019optimiser les fonc-tions hormonales,<br \/>\u2022 de r\u00e9duire les douleurs,<br \/>\u2022 de retrouver de l\u2019\u00e9nergie, un sommeil r\u00e9parateur,<br \/>\u2022 et de soulager le stress durablement.<br \/>Enfin, la R\u00e9solution \u00c9motionnelle (EmRes) est un outil puissant pour apaiser les \u00e9motions qui vous submergent (tristesse, col\u00e8re, peur). Simple, naturelle, et souvent tr\u00e8s efficace.<br \/>Ces approches dans les m\u00e9moires cellulaires sont l\u00e0 pour all\u00e9ger ce fardeau, apaiser les douleurs, retrouver de la vitalit\u00e9 et redonner du sens \u00e0 ce que votre corps traverse.<br \/>Parce qu\u2019on ne choisit pas toujours ce que l\u2019on vit, mais on peut choisir de se faire accompagner, avec douceur et bienveillance.<\/p>\n<p>&nbsp;<\/p>\n<p>[\/et_pb_text][\/et_pb_column][\/et_pb_row][et_pb_row _builder_version=\u00a0\u00bb4.16&Prime; global_colors_info=\u00a0\u00bb{}\u00a0\u00bb][et_pb_column type=\u00a0\u00bb4_4&Prime; _builder_version=\u00a0\u00bb4.16&Prime; custom_padding=\u00a0\u00bb|||\u00a0\u00bb global_colors_info=\u00a0\u00bb{}\u00a0\u00bb custom_padding__hover=\u00a0\u00bb|||\u00a0\u00bb][et_pb_divider _builder_version=\u00a0\u00bb4.16&Prime; global_colors_info=\u00a0\u00bb{}\u00a0\u00bb][\/et_pb_divider][\/et_pb_column][\/et_pb_row][\/et_pb_section]<\/p>\n","protected":false},"excerpt":{"rendered":"<p>ENDOM\u00c9TRIOSEDes douleurs au ventre, une fatigue qui ne passe pas, des rapports sexuels douloureux, des infections urinaires \u00e0 r\u00e9p\u00e9tition, ou encore des difficult\u00e9s \u00e0 tomber enceinte\u2026 L\u2019endom\u00e9triose est une maladie chronique aux multiples visages, qui touche environ 190\u2019000 femmes en Suisse. Sa complexit\u00e9 ? Des sympt\u00f4mes tr\u00e8s vari\u00e9s, souvent mal compris. La douleur peut \u00eatre [&hellip;]<\/p>\n","protected":false},"author":2,"featured_media":0,"parent":0,"menu_order":0,"comment_status":"closed","ping_status":"closed","template":"","meta":{"_et_pb_use_builder":"on","_et_pb_old_content":"","_et_gb_content_width":"","footnotes":""},"class_list":["post-16963","page","type-page","status-publish","hentry"],"_links":{"self":[{"href":"https:\/\/geneveetvousmagazine.ch\/index.php\/wp-json\/wp\/v2\/pages\/16963","targetHints":{"allow":["GET"]}}],"collection":[{"href":"https:\/\/geneveetvousmagazine.ch\/index.php\/wp-json\/wp\/v2\/pages"}],"about":[{"href":"https:\/\/geneveetvousmagazine.ch\/index.php\/wp-json\/wp\/v2\/types\/page"}],"author":[{"embeddable":true,"href":"https:\/\/geneveetvousmagazine.ch\/index.php\/wp-json\/wp\/v2\/users\/2"}],"replies":[{"embeddable":true,"href":"https:\/\/geneveetvousmagazine.ch\/index.php\/wp-json\/wp\/v2\/comments?post=16963"}],"version-history":[{"count":3,"href":"https:\/\/geneveetvousmagazine.ch\/index.php\/wp-json\/wp\/v2\/pages\/16963\/revisions"}],"predecessor-version":[{"id":16969,"href":"https:\/\/geneveetvousmagazine.ch\/index.php\/wp-json\/wp\/v2\/pages\/16963\/revisions\/16969"}],"wp:attachment":[{"href":"https:\/\/geneveetvousmagazine.ch\/index.php\/wp-json\/wp\/v2\/media?parent=16963"}],"curies":[{"name":"wp","href":"https:\/\/api.w.org\/{rel}","templated":true}]}}