{"id":16812,"date":"2025-07-08T10:34:54","date_gmt":"2025-07-08T08:34:54","guid":{"rendered":"https:\/\/rivegauche-magazine.ch\/?page_id=16812"},"modified":"2025-07-08T10:34:58","modified_gmt":"2025-07-08T08:34:58","slug":"easy-services","status":"publish","type":"page","link":"https:\/\/geneveetvousmagazine.ch\/index.php\/easy-services\/","title":{"rendered":"easy-services"},"content":{"rendered":"<p>[et_pb_section fb_built=\u00a0\u00bb1&Prime; _builder_version=\u00a0\u00bb4.16&Prime; global_colors_info=\u00a0\u00bb{}\u00a0\u00bb theme_builder_area=\u00a0\u00bbpost_content\u00a0\u00bb][et_pb_row _builder_version=\u00a0\u00bb4.16&Prime; global_colors_info=\u00a0\u00bb{}\u00a0\u00bb theme_builder_area=\u00a0\u00bbpost_content\u00a0\u00bb][et_pb_column type=\u00a0\u00bb4_4&Prime; _builder_version=\u00a0\u00bb4.16&Prime; custom_padding=\u00a0\u00bb|||\u00a0\u00bb global_colors_info=\u00a0\u00bb{}\u00a0\u00bb custom_padding__hover=\u00a0\u00bb|||\u00a0\u00bb theme_builder_area=\u00a0\u00bbpost_content\u00a0\u00bb][\/et_pb_column][\/et_pb_row][\/et_pb_section][et_pb_section fb_built=\u00a0\u00bb1&Prime; admin_label=\u00a0\u00bbArticles 1 colonne\u00a0\u00bb _builder_version=\u00a0\u00bb4.16&Prime; custom_margin=\u00a0\u00bb||\u00a0\u00bb custom_padding=\u00a0\u00bb0px|||||\u00a0\u00bb global_colors_info=\u00a0\u00bb{}\u00a0\u00bb theme_builder_area=\u00a0\u00bbpost_content\u00a0\u00bb][et_pb_row column_structure=\u00a0\u00bb1_2,1_2&Prime; admin_label=\u00a0\u00bbTitre Agenda\u00a0\u00bb _builder_version=\u00a0\u00bb4.16&Prime; custom_margin=\u00a0\u00bb||\u00a0\u00bb custom_padding=\u00a0\u00bb0px||0px|||\u00a0\u00bb global_colors_info=\u00a0\u00bb{}\u00a0\u00bb theme_builder_area=\u00a0\u00bbpost_content\u00a0\u00bb][et_pb_column type=\u00a0\u00bb1_2&Prime; _builder_version=\u00a0\u00bb4.16&Prime; custom_padding=\u00a0\u00bb0px|||\u00a0\u00bb global_colors_info=\u00a0\u00bb{}\u00a0\u00bb custom_padding__hover=\u00a0\u00bb|||\u00a0\u00bb theme_builder_area=\u00a0\u00bbpost_content\u00a0\u00bb][et_pb_image src=\u00a0\u00bbhttps:\/\/rivegauche-magazine.ch\/wp-content\/uploads\/2025\/07\/EASY_Services-N\u00b047.jpg\u00a0\u00bb title_text=\u00a0\u00bbEASY_Services-N\u00b047&Prime; align_tablet=\u00a0\u00bbcenter\u00a0\u00bb align_phone=\u00a0\u00bb\u00a0\u00bb align_last_edited=\u00a0\u00bbon|desktop\u00a0\u00bb _builder_version=\u00a0\u00bb4.17.6&Prime; hover_enabled=\u00a0\u00bb0&Prime; global_colors_info=\u00a0\u00bb{}\u00a0\u00bb theme_builder_area=\u00a0\u00bbpost_content\u00a0\u00bb sticky_enabled=\u00a0\u00bb0&Prime;][\/et_pb_image][\/et_pb_column][et_pb_column type=\u00a0\u00bb1_2&Prime; _builder_version=\u00a0\u00bb4.16&Prime; custom_padding=\u00a0\u00bb|||\u00a0\u00bb global_colors_info=\u00a0\u00bb{}\u00a0\u00bb custom_padding__hover=\u00a0\u00bb|||\u00a0\u00bb theme_builder_area=\u00a0\u00bbpost_content\u00a0\u00bb][et_pb_text admin_label=\u00a0\u00bbNOM CLIENT\u00a0\u00bb _builder_version=\u00a0\u00bb4.17.6&Prime; header_font=\u00a0\u00bb|||||on|||\u00a0\u00bb header_text_align=\u00a0\u00bbleft\u00a0\u00bb header_text_color=\u00a0\u00bb#000000&Prime; header_font_size=\u00a0\u00bb48px\u00a0\u00bb custom_margin=\u00a0\u00bb|||\u00a0\u00bb hover_enabled=\u00a0\u00bb0&Prime; header_font_size_tablet=\u00a0\u00bb36px\u00a0\u00bb header_font_size_phone=\u00a0\u00bb24px\u00a0\u00bb header_font_size_last_edited=\u00a0\u00bbon|tablet\u00a0\u00bb global_colors_info=\u00a0\u00bb{}\u00a0\u00bb theme_builder_area=\u00a0\u00bbpost_content\u00a0\u00bb sticky_enabled=\u00a0\u00bb0&Prime;]<\/p>\n<h1 style=\"text-align: left;\"><span class=\"ILfuVd\" lang=\"fr\"><span class=\"hgKElc\">EASY SERVICES<\/span><\/span><\/h1>\n<p>[\/et_pb_text][et_pb_text admin_label=\u00a0\u00bbDESCRIPTION\u00a0\u00bb _builder_version=\u00a0\u00bb4.17.6&Prime; hover_enabled=\u00a0\u00bb0&Prime; global_colors_info=\u00a0\u00bb{}\u00a0\u00bb theme_builder_area=\u00a0\u00bbpost_content\u00a0\u00bb sticky_enabled=\u00a0\u00bb0&Prime;]<\/p>\n<h3 style=\"text-align: justify;\"><strong>DES SOLUTIONS SUR MESURE POUR VOS VACANCES &amp; POUR\u00a0 SIMPLIFIER VOTRE QUOTIDIEN! <\/strong><\/h3>\n<div id=\"comp-itmumu82\" class=\"KcpHeO tz5f0K comp-itmumu82 wixui-rich-text\" data-testid=\"richTextElement\">\n<h3><strong>PET SITTING<br \/>Chiens, chats et poules<\/strong><\/h3>\n<p>\u2022 Balade<br \/>\u2022 Visite<br \/>\u2022 Nourrissage<br \/>\u2022 Nettoyage des gamelles et des liti\u00e8res<br \/>\u2022 Brossage quotidien<br \/>\u2022 Nettoyage des oreilles et des yeux<br \/>\u2022 Administration de m\u00e9dicaments<br \/>\u2022 Nettoyage de plaies et changement de pansements<\/div>\n<div data-testid=\"richTextElement\">\u00a0<\/div>\n<div data-testid=\"richTextElement\">\n<h3><strong>HOME CARE<\/strong><\/h3>\n<p>\u2022 M\u00e9nage de printemps <br \/>\u2022 M\u00e9nage de fin de bail<br \/>\u2022 T\u00e2ches m\u00e9nag\u00e8res<br \/>\u2022 Courses <br \/>\u2022 Aide au repas<br \/>\u2022 Changement de draps <br \/>\u2022 Pr\u00e9sence ponctuelle\u00a0 pour r\u00e9ception\u00a0 et v\u00e9rification de colis <br \/>\u2022 Aide administrative <br \/>\u2022 Gestion des d\u00e9chets<br \/>\u2022 Arrosage plantes\u00a0 et potager <\/div>\n<div data-testid=\"richTextElement\">\u00a0<\/div>\n<div data-testid=\"richTextElement\">\n<h3><strong>PETITS TRAVAUX<\/strong><\/h3>\n<p>\u2022 Montage et d\u00e9montage de meubles<br \/>\u2022 Fixations diverses<br \/>\u2022 \u00c9vacuation d\u2019encombrants (max 2m3)<br \/>\u2022 Tous travaux de peinture (peintre qualifi\u00e9) <\/div>\n<p>[\/et_pb_text][et_pb_text admin_label=\u00a0\u00bbCONTACT\u00a0\u00bb _builder_version=\u00a0\u00bb4.17.6&Prime; hover_enabled=\u00a0\u00bb0&Prime; global_colors_info=\u00a0\u00bb{}\u00a0\u00bb theme_builder_area=\u00a0\u00bbpost_content\u00a0\u00bb sticky_enabled=\u00a0\u00bb0&Prime;]<\/p>\n<p>T\u00e9l. +41 79 158 28 28 |\u00a0 info@easyservicesgeneve.ch<\/p>\n<p>[\/et_pb_text][et_pb_button button_url=\u00a0\u00bbhttps:\/\/easyservicesgeneve.com\/\u00a0\u00bb url_new_window=\u00a0\u00bbon\u00a0\u00bb button_text=\u00a0\u00bbSITE INTERNET\u00a0\u00bb admin_label=\u00a0\u00bbBOUTON SITE WEB\u00a0\u00bb _builder_version=\u00a0\u00bb4.17.6&Prime; hover_enabled=\u00a0\u00bb0&Prime; global_colors_info=\u00a0\u00bb{}\u00a0\u00bb theme_builder_area=\u00a0\u00bbpost_content\u00a0\u00bb sticky_enabled=\u00a0\u00bb0&Prime;][\/et_pb_button][\/et_pb_column][\/et_pb_row][et_pb_row _builder_version=\u00a0\u00bb4.16&Prime; _module_preset=\u00a0\u00bbdefault\u00a0\u00bb global_colors_info=\u00a0\u00bb{}\u00a0\u00bb theme_builder_area=\u00a0\u00bbpost_content\u00a0\u00bb][et_pb_column type=\u00a0\u00bb4_4&Prime; _builder_version=\u00a0\u00bb4.16&Prime; _module_preset=\u00a0\u00bbdefault\u00a0\u00bb global_colors_info=\u00a0\u00bb{}\u00a0\u00bb theme_builder_area=\u00a0\u00bbpost_content\u00a0\u00bb][et_pb_divider _builder_version=\u00a0\u00bb4.16&Prime; _module_preset=\u00a0\u00bbdefault\u00a0\u00bb global_colors_info=\u00a0\u00bb{}\u00a0\u00bb theme_builder_area=\u00a0\u00bbpost_content\u00a0\u00bb][\/et_pb_divider][\/et_pb_column][\/et_pb_row][\/et_pb_section]<\/p>\n","protected":false},"excerpt":{"rendered":"<p>EASY SERVICESDES SOLUTIONS SUR MESURE POUR VOS VACANCES &amp; POUR\u00a0 SIMPLIFIER VOTRE QUOTIDIEN! PET SITTINGChiens, chats et poules \u2022 Balade\u2022 Visite\u2022 Nourrissage\u2022 Nettoyage des gamelles et des liti\u00e8res\u2022 Brossage quotidien\u2022 Nettoyage des oreilles et des yeux\u2022 Administration de m\u00e9dicaments\u2022 Nettoyage de plaies et changement de pansements \u00a0 HOME CARE \u2022 M\u00e9nage de printemps \u2022 M\u00e9nage [&hellip;]<\/p>\n","protected":false},"author":2,"featured_media":0,"parent":0,"menu_order":0,"comment_status":"closed","ping_status":"closed","template":"","meta":{"_et_pb_use_builder":"on","_et_pb_old_content":"","_et_gb_content_width":"","footnotes":""},"class_list":["post-16812","page","type-page","status-publish","hentry"],"_links":{"self":[{"href":"https:\/\/geneveetvousmagazine.ch\/index.php\/wp-json\/wp\/v2\/pages\/16812","targetHints":{"allow":["GET"]}}],"collection":[{"href":"https:\/\/geneveetvousmagazine.ch\/index.php\/wp-json\/wp\/v2\/pages"}],"about":[{"href":"https:\/\/geneveetvousmagazine.ch\/index.php\/wp-json\/wp\/v2\/types\/page"}],"author":[{"embeddable":true,"href":"https:\/\/geneveetvousmagazine.ch\/index.php\/wp-json\/wp\/v2\/users\/2"}],"replies":[{"embeddable":true,"href":"https:\/\/geneveetvousmagazine.ch\/index.php\/wp-json\/wp\/v2\/comments?post=16812"}],"version-history":[{"count":2,"href":"https:\/\/geneveetvousmagazine.ch\/index.php\/wp-json\/wp\/v2\/pages\/16812\/revisions"}],"predecessor-version":[{"id":16817,"href":"https:\/\/geneveetvousmagazine.ch\/index.php\/wp-json\/wp\/v2\/pages\/16812\/revisions\/16817"}],"wp:attachment":[{"href":"https:\/\/geneveetvousmagazine.ch\/index.php\/wp-json\/wp\/v2\/media?parent=16812"}],"curies":[{"name":"wp","href":"https:\/\/api.w.org\/{rel}","templated":true}]}}