{"id":15070,"date":"2024-07-02T15:46:08","date_gmt":"2024-07-02T13:46:08","guid":{"rendered":"https:\/\/rivegauche-magazine.ch\/?page_id=15070"},"modified":"2024-07-02T15:51:14","modified_gmt":"2024-07-02T13:51:14","slug":"vetoadom-2","status":"publish","type":"page","link":"https:\/\/geneveetvousmagazine.ch\/index.php\/vetoadom-2\/","title":{"rendered":"VETOADOM"},"content":{"rendered":"<p>[et_pb_section fb_built=\u00a0\u00bb1&Prime; _builder_version=\u00a0\u00bb4.16&Prime; global_colors_info=\u00a0\u00bb{}\u00a0\u00bb][et_pb_row _builder_version=\u00a0\u00bb4.16&Prime; global_colors_info=\u00a0\u00bb{}\u00a0\u00bb][et_pb_column type=\u00a0\u00bb4_4&Prime; _builder_version=\u00a0\u00bb4.16&Prime; custom_padding=\u00a0\u00bb|||\u00a0\u00bb global_colors_info=\u00a0\u00bb{}\u00a0\u00bb custom_padding__hover=\u00a0\u00bb|||\u00a0\u00bb][\/et_pb_column][\/et_pb_row][\/et_pb_section][et_pb_section fb_built=\u00a0\u00bb1&Prime; admin_label=\u00a0\u00bbArticles 1 colonne\u00a0\u00bb _builder_version=\u00a0\u00bb4.16&Prime; custom_margin=\u00a0\u00bb||\u00a0\u00bb custom_padding=\u00a0\u00bb0px|||||\u00a0\u00bb global_colors_info=\u00a0\u00bb{}\u00a0\u00bb][et_pb_row column_structure=\u00a0\u00bb1_2,1_2&Prime; admin_label=\u00a0\u00bbTitre Agenda\u00a0\u00bb _builder_version=\u00a0\u00bb4.16&Prime; custom_margin=\u00a0\u00bb||\u00a0\u00bb custom_padding=\u00a0\u00bb0px||0px|||\u00a0\u00bb global_colors_info=\u00a0\u00bb{}\u00a0\u00bb][et_pb_column type=\u00a0\u00bb1_2&Prime; _builder_version=\u00a0\u00bb4.16&Prime; custom_padding=\u00a0\u00bb0px|||\u00a0\u00bb global_colors_info=\u00a0\u00bb{}\u00a0\u00bb custom_padding__hover=\u00a0\u00bb|||\u00a0\u00bb][et_pb_image src=\u00a0\u00bbhttps:\/\/rivegauche-magazine.ch\/wp-content\/uploads\/2024\/07\/vetoadom_N44.jpg\u00a0\u00bb title_text=\u00a0\u00bbvetoadom_N44&Prime; align_tablet=\u00a0\u00bbcenter\u00a0\u00bb align_phone=\u00a0\u00bb\u00a0\u00bb align_last_edited=\u00a0\u00bbon|desktop\u00a0\u00bb _builder_version=\u00a0\u00bb4.17.6&Prime; hover_enabled=\u00a0\u00bb0&Prime; global_colors_info=\u00a0\u00bb{}\u00a0\u00bb sticky_enabled=\u00a0\u00bb0&Prime;][\/et_pb_image][\/et_pb_column][et_pb_column type=\u00a0\u00bb1_2&Prime; _builder_version=\u00a0\u00bb4.16&Prime; custom_padding=\u00a0\u00bb|||\u00a0\u00bb global_colors_info=\u00a0\u00bb{}\u00a0\u00bb custom_padding__hover=\u00a0\u00bb|||\u00a0\u00bb][et_pb_text admin_label=\u00a0\u00bbNOM CLIENT\u00a0\u00bb _builder_version=\u00a0\u00bb4.17.6&Prime; header_font=\u00a0\u00bb|||||on|||\u00a0\u00bb header_text_align=\u00a0\u00bbleft\u00a0\u00bb header_text_color=\u00a0\u00bb#000000&Prime; header_font_size=\u00a0\u00bb48px\u00a0\u00bb custom_margin=\u00a0\u00bb|||\u00a0\u00bb header_font_size_tablet=\u00a0\u00bb36px\u00a0\u00bb header_font_size_phone=\u00a0\u00bb24px\u00a0\u00bb header_font_size_last_edited=\u00a0\u00bbon|tablet\u00a0\u00bb global_colors_info=\u00a0\u00bb{}\u00a0\u00bb]<\/p>\n<h1 style=\"text-align: left;\"><span class=\"ILfuVd\" lang=\"fr\"><span class=\"hgKElc\">VETOADOM<\/span><\/span><\/h1>\n<p>[\/et_pb_text][et_pb_text admin_label=\u00a0\u00bbDESCRIPTION\u00a0\u00bb _builder_version=\u00a0\u00bb4.17.6&Prime; global_colors_info=\u00a0\u00bb{}\u00a0\u00bb]<\/p>\n<div id=\"comp-itmumu82\" class=\"KcpHeO tz5f0K comp-itmumu82 wixui-rich-text\" data-testid=\"richTextElement\">\n<h5 class=\"text-uppercase c1 fw-semibold mt-2\">V\u00c9T\u00c9RINAIRE \u00e0 domicile dans les cantons de Gen\u00e8ve, de Vaud et de Fribourg<\/h5>\n<p class=\"justify\">Vous habitez dans les Cantons de Gen\u00e8ve (ou en France voisine : Ain et Haute-Savoie) et Vaud (Lausanne et reste de la r\u00e9gion) ou \u00e0 la fronti\u00e8re du canton de Fribourg et \u00eates inquiets face aux sympt\u00f4mes pr\u00e9sent\u00e9s par votre animal.<br \/>A l\u2019issue de quelques questions, notre centrale de triage et de r\u00e9gulation des urgences v\u00e9t\u00e9rinaires \u00e9value l\u2019\u00e9tat de votre animal gratuitement. Nous traitons plus de 50 000 demandes de conseils v\u00e9t\u00e9rinaires sur la r\u00e9gion en urgence chaque ann\u00e9e. Si apr\u00e8s avoir parl\u00e9 avec le v\u00e9t\u00e9rinaire r\u00e9gulateur, une consultation est n\u00e9cessaire, nos v\u00e9t\u00e9rinaires urgentistes de garde se d\u00e9placent \u00e0 votre domicile <strong>24h\/24 et 7j\/7<\/strong>, week-ends et jours f\u00e9ri\u00e9s compris.<\/p>\n<\/div>\n<p>[\/et_pb_text][et_pb_text admin_label=\u00a0\u00bbCONTACT\u00a0\u00bb _builder_version=\u00a0\u00bb4.17.6&Prime; hover_enabled=\u00a0\u00bb0&Prime; global_colors_info=\u00a0\u00bb{}\u00a0\u00bb sticky_enabled=\u00a0\u00bb0&Prime;]<\/p>\n<p>Dans les cantons de Gen\u00e8ve et Vaud<br \/>ainsi qu&rsquo;en France voisine (Haute-Savoie et Ain)<br \/>T\u00e9l. <span jsslot=\"\"><span><span class=\"LrzXr zdqRlf kno-fv\"><a data-dtype=\"d3ph\" data-local-attribute=\"d3ph\" jscontroller=\"LWZElb\" href=\"https:\/\/www.google.com\/search?client=firefox-b-d&amp;q=vetoadom&amp;lqi=Cgh2ZXRvYWRvbUik-d3Llq-AgAhaDhAAGAAiCHZldG9hZG9tkgEeZW1lcmdlbmN5X3ZldGVyaW5hcmlhbl9zZXJ2aWNlqgExEAEyHxABIhvh_ZXiF2ebAf0F5FfQtq68cTQRECEgQsW-_HQyDBACIgh2ZXRvYWRvbQ#\" jsdata=\"QKGTRc;_;CQfAog\" jsaction=\"rcuQ6b:npT2md;F75qrd\" data-ved=\"2ahUKEwjE6MP5v4iHAxXi_gIHHfA0BQ4QkAgoAHoECBUQAw\"><span aria-label=\"Appeler le 022 552 55 05\">022 552 55 05<\/span><\/a><\/span><\/span><\/span> <a href=\"mailto:ghimmobilier@hotmail.com\"><\/a><\/p>\n<p>[\/et_pb_text][et_pb_button button_url=\u00a0\u00bbhttps:\/\/www.vetoadom.ch\/\u00a0\u00bb url_new_window=\u00a0\u00bbon\u00a0\u00bb button_text=\u00a0\u00bbSITE INTERNET\u00a0\u00bb admin_label=\u00a0\u00bbBOUTON SITE WEB\u00a0\u00bb _builder_version=\u00a0\u00bb4.17.6&Prime; hover_enabled=\u00a0\u00bb0&Prime; global_colors_info=\u00a0\u00bb{}\u00a0\u00bb sticky_enabled=\u00a0\u00bb0&Prime;][\/et_pb_button][\/et_pb_column][\/et_pb_row][et_pb_row _builder_version=\u00a0\u00bb4.16&Prime; _module_preset=\u00a0\u00bbdefault\u00a0\u00bb global_colors_info=\u00a0\u00bb{}\u00a0\u00bb][et_pb_column type=\u00a0\u00bb4_4&Prime; _builder_version=\u00a0\u00bb4.16&Prime; _module_preset=\u00a0\u00bbdefault\u00a0\u00bb global_colors_info=\u00a0\u00bb{}\u00a0\u00bb][et_pb_divider _builder_version=\u00a0\u00bb4.16&Prime; _module_preset=\u00a0\u00bbdefault\u00a0\u00bb global_colors_info=\u00a0\u00bb{}\u00a0\u00bb][\/et_pb_divider][\/et_pb_column][\/et_pb_row][\/et_pb_section]<\/p>\n","protected":false},"excerpt":{"rendered":"<p>VETOADOM V\u00c9T\u00c9RINAIRE \u00e0 domicile dans les cantons de Gen\u00e8ve, de Vaud et de Fribourg Vous habitez dans les Cantons de Gen\u00e8ve (ou en France voisine : Ain et Haute-Savoie) et Vaud (Lausanne et reste de la r\u00e9gion) ou \u00e0 la fronti\u00e8re du canton de Fribourg et \u00eates inquiets face aux sympt\u00f4mes pr\u00e9sent\u00e9s par votre animal.A [&hellip;]<\/p>\n","protected":false},"author":2,"featured_media":0,"parent":0,"menu_order":0,"comment_status":"closed","ping_status":"closed","template":"","meta":{"_et_pb_use_builder":"on","_et_pb_old_content":"","_et_gb_content_width":"","footnotes":""},"class_list":["post-15070","page","type-page","status-publish","hentry"],"_links":{"self":[{"href":"https:\/\/geneveetvousmagazine.ch\/index.php\/wp-json\/wp\/v2\/pages\/15070","targetHints":{"allow":["GET"]}}],"collection":[{"href":"https:\/\/geneveetvousmagazine.ch\/index.php\/wp-json\/wp\/v2\/pages"}],"about":[{"href":"https:\/\/geneveetvousmagazine.ch\/index.php\/wp-json\/wp\/v2\/types\/page"}],"author":[{"embeddable":true,"href":"https:\/\/geneveetvousmagazine.ch\/index.php\/wp-json\/wp\/v2\/users\/2"}],"replies":[{"embeddable":true,"href":"https:\/\/geneveetvousmagazine.ch\/index.php\/wp-json\/wp\/v2\/comments?post=15070"}],"version-history":[{"count":4,"href":"https:\/\/geneveetvousmagazine.ch\/index.php\/wp-json\/wp\/v2\/pages\/15070\/revisions"}],"predecessor-version":[{"id":15076,"href":"https:\/\/geneveetvousmagazine.ch\/index.php\/wp-json\/wp\/v2\/pages\/15070\/revisions\/15076"}],"wp:attachment":[{"href":"https:\/\/geneveetvousmagazine.ch\/index.php\/wp-json\/wp\/v2\/media?parent=15070"}],"curies":[{"name":"wp","href":"https:\/\/api.w.org\/{rel}","templated":true}]}}