{"id":12219,"date":"2022-07-18T15:07:15","date_gmt":"2022-07-18T13:07:15","guid":{"rendered":"https:\/\/rivegauche-magazine.ch\/?page_id=12219"},"modified":"2022-07-18T15:07:17","modified_gmt":"2022-07-18T13:07:17","slug":"fortes-chaleurs","status":"publish","type":"page","link":"https:\/\/geneveetvousmagazine.ch\/index.php\/fortes-chaleurs\/","title":{"rendered":"Fortes chaleurs"},"content":{"rendered":"<p>[et_pb_section fb_built=\u00a0\u00bb1&Prime; admin_label=\u00a0\u00bbArticles 1 colonne\u00a0\u00bb _builder_version=\u00a0\u00bb4.17.6&Prime; custom_margin=\u00a0\u00bb||\u00a0\u00bb custom_padding=\u00a0\u00bb0px|||||\u00a0\u00bb hover_enabled=\u00a0\u00bb0&Prime; global_colors_info=\u00a0\u00bb{}\u00a0\u00bb theme_builder_area=\u00a0\u00bbpost_content\u00a0\u00bb sticky_enabled=\u00a0\u00bb0&Prime;][et_pb_row _builder_version=\u00a0\u00bb4.16&Prime; global_colors_info=\u00a0\u00bb{}\u00a0\u00bb theme_builder_area=\u00a0\u00bbpost_content\u00a0\u00bb][et_pb_column type=\u00a0\u00bb4_4&Prime; _builder_version=\u00a0\u00bb4.16&Prime; custom_padding=\u00a0\u00bb|||\u00a0\u00bb global_colors_info=\u00a0\u00bb{}\u00a0\u00bb custom_padding__hover=\u00a0\u00bb|||\u00a0\u00bb theme_builder_area=\u00a0\u00bbpost_content\u00a0\u00bb][et_pb_text admin_label=\u00a0\u00bbTITRE\u00a0\u00bb _builder_version=\u00a0\u00bb4.17.6&Prime; header_font=\u00a0\u00bb|||||on|||\u00a0\u00bb header_text_align=\u00a0\u00bbleft\u00a0\u00bb header_text_color=\u00a0\u00bb#000000&Prime; header_font_size=\u00a0\u00bb48px\u00a0\u00bb custom_margin=\u00a0\u00bb|||\u00a0\u00bb hover_enabled=\u00a0\u00bb0&Prime; header_font_size_tablet=\u00a0\u00bb36px\u00a0\u00bb header_font_size_phone=\u00a0\u00bb24px\u00a0\u00bb header_font_size_last_edited=\u00a0\u00bbon|tablet\u00a0\u00bb global_colors_info=\u00a0\u00bb{}\u00a0\u00bb theme_builder_area=\u00a0\u00bbpost_content\u00a0\u00bb sticky_enabled=\u00a0\u00bb0&Prime;]<\/p>\n<h1 style=\"text-align: center;\"><span style=\"color: #000000;\">Fortes chaleurs : adapter son alimentation et son sommeil<br \/><\/span><\/h1>\n<p>[\/et_pb_text][\/et_pb_column][\/et_pb_row][et_pb_row _builder_version=\u00a0\u00bb4.16&Prime; global_colors_info=\u00a0\u00bb{}\u00a0\u00bb theme_builder_area=\u00a0\u00bbpost_content\u00a0\u00bb][et_pb_column type=\u00a0\u00bb4_4&Prime; _builder_version=\u00a0\u00bb4.16&Prime; custom_padding=\u00a0\u00bb|||\u00a0\u00bb global_colors_info=\u00a0\u00bb{}\u00a0\u00bb custom_padding__hover=\u00a0\u00bb|||\u00a0\u00bb theme_builder_area=\u00a0\u00bbpost_content\u00a0\u00bb][et_pb_text _builder_version=\u00a0\u00bb4.17.6&Prime; hover_enabled=\u00a0\u00bb0&Prime; global_colors_info=\u00a0\u00bb{}\u00a0\u00bb theme_builder_area=\u00a0\u00bbpost_content\u00a0\u00bb sticky_enabled=\u00a0\u00bb0&Prime;]<\/p>\n<h4 style=\"text-align: justify;\"><span style=\"color: #33cccc;\"><strong>En cas de fortes chaleurs, il est important d\u2019adapter son alimentation : certains aliments sont \u00e0 privil\u00e9gier et d\u2019autres \u00e0 \u00e9viter. Il est primordial aussi de pr\u00e9server son sommeil : la chaleur \u00e9touffante peut nous emp\u00eacher de dormir en \u00e9t\u00e9. Voici quelques astuces pour bien manger et bien dormir quand il fait trop chaud.<\/strong><\/span><\/h4>\n<p>[\/et_pb_text][\/et_pb_column][\/et_pb_row][et_pb_row column_structure=\u00a0\u00bb1_2,1_2&Prime; _builder_version=\u00a0\u00bb4.17.6&Prime; _module_preset=\u00a0\u00bbdefault\u00a0\u00bb global_colors_info=\u00a0\u00bb{}\u00a0\u00bb theme_builder_area=\u00a0\u00bbpost_content\u00a0\u00bb][et_pb_column type=\u00a0\u00bb1_2&Prime; _builder_version=\u00a0\u00bb4.17.6&Prime; _module_preset=\u00a0\u00bbdefault\u00a0\u00bb global_colors_info=\u00a0\u00bb{}\u00a0\u00bb theme_builder_area=\u00a0\u00bbpost_content\u00a0\u00bb][et_pb_image src=\u00a0\u00bbhttps:\/\/rivegauche-magazine.ch\/wp-content\/uploads\/2022\/07\/INSTANT-SANTE1.jpg\u00a0\u00bb title_text=\u00a0\u00bbINSTANT-SANTE1&Prime; align=\u00a0\u00bbcenter\u00a0\u00bb align_tablet=\u00a0\u00bbcenter\u00a0\u00bb align_phone=\u00a0\u00bb\u00a0\u00bb align_last_edited=\u00a0\u00bbon|desktop\u00a0\u00bb _builder_version=\u00a0\u00bb4.17.6&Prime; transform_scale_tablet=\u00a0\u00bb\u00a0\u00bb transform_scale_phone=\u00a0\u00bb\u00a0\u00bb transform_scale_last_edited=\u00a0\u00bbon|desktop\u00a0\u00bb transform_translate_tablet=\u00a0\u00bb\u00a0\u00bb transform_translate_phone=\u00a0\u00bb\u00a0\u00bb transform_translate_last_edited=\u00a0\u00bbon|desktop\u00a0\u00bb transform_rotate=\u00a0\u00bb0deg|0deg|4deg\u00a0\u00bb transform_rotate_tablet=\u00a0\u00bb0deg|0deg|4deg\u00a0\u00bb transform_rotate_phone=\u00a0\u00bb0deg|0deg|4deg\u00a0\u00bb transform_rotate_last_edited=\u00a0\u00bbon|desktop\u00a0\u00bb transform_skew_tablet=\u00a0\u00bb\u00a0\u00bb transform_skew_phone=\u00a0\u00bb\u00a0\u00bb transform_skew_last_edited=\u00a0\u00bbon|desktop\u00a0\u00bb transform_origin_tablet=\u00a0\u00bb\u00a0\u00bb transform_origin_phone=\u00a0\u00bb\u00a0\u00bb transform_origin_last_edited=\u00a0\u00bbon|desktop\u00a0\u00bb transform_styles_last_edited=\u00a0\u00bbon|desktop\u00a0\u00bb module_alignment=\u00a0\u00bbcenter\u00a0\u00bb custom_margin=\u00a0\u00bb||||false|false\u00a0\u00bb custom_margin_tablet=\u00a0\u00bb||||false|false\u00a0\u00bb custom_margin_phone=\u00a0\u00bb||||false|false\u00a0\u00bb custom_margin_last_edited=\u00a0\u00bbon|desktop\u00a0\u00bb custom_padding=\u00a0\u00bb1em|0px||0px|false|true\u00a0\u00bb custom_padding_tablet=\u00a0\u00bb2em||||false|true\u00a0\u00bb custom_padding_phone=\u00a0\u00bb1em||0em||false|true\u00a0\u00bb custom_padding_last_edited=\u00a0\u00bbon|phone\u00a0\u00bb hover_enabled=\u00a0\u00bb0&Prime; transform_styles_tablet=\u00a0\u00bb\u00a0\u00bb transform_styles_phone=\u00a0\u00bb\u00a0\u00bb border_width_all=\u00a0\u00bb1em\u00a0\u00bb border_color_all=\u00a0\u00bb#FFFFFF\u00a0\u00bb box_shadow_style=\u00a0\u00bbpreset1&Prime; global_colors_info=\u00a0\u00bb{}\u00a0\u00bb theme_builder_area=\u00a0\u00bbpost_content\u00a0\u00bb sticky_enabled=\u00a0\u00bb0&Prime;][\/et_pb_image][et_pb_text _builder_version=\u00a0\u00bb4.17.6&Prime; _module_preset=\u00a0\u00bbdefault\u00a0\u00bb hover_enabled=\u00a0\u00bb0&Prime; global_colors_info=\u00a0\u00bb{}\u00a0\u00bb theme_builder_area=\u00a0\u00bbpost_content\u00a0\u00bb sticky_enabled=\u00a0\u00bb0&Prime;]<\/p>\n<h2 style=\"text-align: justify;\"><strong>ALL\u00c9GER <span style=\"color: #ea9400;\"><span style=\"color: #33cccc;\">son alimentation<\/span><br \/><\/span><\/strong><\/h2>\n<p style=\"text-align: justify;\"><strong>DES ALIMENTS RICHES EN EAU ET FACILES \u00c0 DIG\u00c9RER<\/strong><br \/>Lorsqu\u2019il fait chaud, il est essentiel de bien vous hydrater : 1,5 \u00e0 2 litres d\u2019eau par jour suffisent. \u00c9vitez le caf\u00e9 ou les boissons alcoolis\u00e9es qui stimulent la transpiration et donc la d\u00e9shydratation. <br \/>Optez pour les aliments riches en eau : concombre et salade, tomate, courgette. C\u00f4t\u00e9 fruit craquez pour la past\u00e8que, le melon, la p\u00eache, la fraise&#8230; Attention \u00e0 certains fruits et l\u00e9gumes aux vertus diur\u00e9tiques comme le fenouil, l\u2019artichaut, l\u2019asperge.<\/p>\n<p style=\"text-align: justify;\"><strong>DES PROT\u00c9INES SANS MATI\u00c8RE GRASSE<\/strong><br \/>\u00c9vitez les aliments riches en prot\u00e9ines, en sucre et en fibres, qui n\u00e9cessitent plus d\u2019efforts digestifs : le corps a suffisamment chaud pour ne pas le faire travailler encore plus pendant la digestion. <br \/>Pour vous rassasier, pensez aux poissons blancs cuits en papillote sans mati\u00e8re grasse ou au court-bouillon. Au-del\u00e0 de 30 \u00b0C, \u00e9vitez les viandes grasses, cuites au barbecue ou dans l\u2019huile, plus difficiles\u00a0 \u00e0 dig\u00e9rer.<\/p>\n<p style=\"text-align: justify;\"><strong>DES SORBETS<\/strong><br \/>C\u00f4t\u00e9 gourmandise, optez pour des sorbets (moins caloriques que les glaces), et d\u00e9laissez g\u00e2teaux et p\u00e2tisseries. Votre silhouette vous dira merci !<\/p>\n<p style=\"text-align: justify;\"><strong>ATTENTION AUX INTOXICATIONS ALIMENTAIRES<\/strong><br \/>Emportez un sac r\u00e9frig\u00e9r\u00e9 pour vos courses, afin de pr\u00e9server vos produits fragiles et \u00e9viter ainsi une rupture de la cha\u00eene du froid. <br \/>Pour vos pique-niques, \u00e9vitez la mayonnaise, le carpaccio de viande ou les g\u00e2teaux \u00e0 base de cr\u00e8me. Des salmonelles peuvent s\u2019y d\u00e9velopper rapidement avec la chaleur et entra\u00eener une intoxication alimentaire.<\/p>\n<p style=\"text-align: justify;\">[\/et_pb_text][\/et_pb_column][et_pb_column type=\u00a0\u00bb1_2&Prime; _builder_version=\u00a0\u00bb4.17.6&Prime; _module_preset=\u00a0\u00bbdefault\u00a0\u00bb global_colors_info=\u00a0\u00bb{}\u00a0\u00bb theme_builder_area=\u00a0\u00bbpost_content\u00a0\u00bb][et_pb_text _builder_version=\u00a0\u00bb4.17.6&Prime; _module_preset=\u00a0\u00bbdefault\u00a0\u00bb hover_enabled=\u00a0\u00bb0&Prime; global_colors_info=\u00a0\u00bb{}\u00a0\u00bb theme_builder_area=\u00a0\u00bbpost_content\u00a0\u00bb sticky_enabled=\u00a0\u00bb0&Prime;]<\/p>\n<h2 style=\"text-align: justify;\"><strong>BIEN <span style=\"color: #ea9400;\"><span style=\"color: #33cccc;\">dormir<\/span><br \/><\/span><\/strong><\/h2>\n<p style=\"text-align: justify;\">Bien dormir en p\u00e9riode de canicule est souvent difficile car votre corps a besoin de fra\u00eecheur pour b\u00e9n\u00e9ficier d\u2018un sommeil r\u00e9parateur. Il existe cependant quelques astuces pour dormir sereinement en \u00e9t\u00e9.<\/p>\n<p style=\"text-align: justify;\"><strong>BLOQUER LE SOLEIL<\/strong> <br \/>Quand il fait plus chaud, baissez les stores ou fermez volets et fen\u00eatres pendant la journ\u00e9e. Ce geste simple aide \u00e0 garder la fra\u00eecheur \u00e0 l\u2019int\u00e9rieur. Pour une sieste b\u00e9n\u00e9fique, plongez votre chambre dans le noir pour favoriser l\u2019endormissement.<\/p>\n<p style=\"text-align: justify;\"><strong>RAFRA\u00ceCHIR LA CHAMBRE MAIS PAS TROP !<\/strong> <br \/>En soir\u00e9e, faites entrer la fra\u00eecheur de l\u2019ext\u00e9rieur. Attention \u00e0 la climatisation : la temp\u00e9rature ne doit pas descendre en dessous de 25-26 \u00b0C. Et dormir avec un ventilateur peut \u00eatre n\u00e9faste pour les personnes sujettes \u00e0 l\u2019allergie, \u00e0 l\u2019asthme, ou au rhume des foins.<\/p>\n<p style=\"text-align: justify;\"><strong>RAFRA\u00ceCHIR LE LIT QUAND IL FAIT TROP CHAUD<\/strong><br \/>Privil\u00e9giez des draps 100% coton plut\u00f4t qu\u2019en soie ou en polyester, car ce tissu est plus respirant. Enfin, certains matelas ont deux faces : l\u2019une pour l\u2019\u00e9t\u00e9 et l\u2019autre pour l\u2019hiver. D\u00e8s qu\u2019il fait chaud, retournez votre matelas.<\/p>\n<p style=\"text-align: justify;\"><strong>REFROIDIR LE CORPS<\/strong><br \/>Prenez une douche fra\u00eeche avant de vous coucher : votre temp\u00e9rature corporelle baissera et l\u2019endormissement sera plus facile. De plus, le froid active la circulation sanguine et vos jambes seront plus l\u00e9g\u00e8res.<\/p>\n<p style=\"text-align: justify;\"><strong>SE RELAXER POUR BIEN DORMIR<\/strong><br \/>Avant de vous coucher, relaxez-vous : \u00e9coutez de la musique douce ou plongez dans un livre. Limitez l\u2019utilisation des appareils \u00e9lectriques (TV, ordinateur\u2026) afin de r\u00e9duire les apports d\u2019\u00e9nergie et donc la chaleur.<\/p>\n<p style=\"text-align: justify;\">\n<p style=\"text-align: justify;\">[\/et_pb_text][et_pb_image src=\u00a0\u00bbhttps:\/\/rivegauche-magazine.ch\/wp-content\/uploads\/2022\/07\/INSTANT-SANTE2.jpg\u00a0\u00bb title_text=\u00a0\u00bbINSTANT-SANTE2&Prime; align=\u00a0\u00bbcenter\u00a0\u00bb align_tablet=\u00a0\u00bbcenter\u00a0\u00bb align_phone=\u00a0\u00bb\u00a0\u00bb align_last_edited=\u00a0\u00bbon|desktop\u00a0\u00bb _builder_version=\u00a0\u00bb4.17.6&Prime; transform_scale_tablet=\u00a0\u00bb\u00a0\u00bb transform_scale_phone=\u00a0\u00bb\u00a0\u00bb transform_scale_last_edited=\u00a0\u00bbon|desktop\u00a0\u00bb transform_translate_tablet=\u00a0\u00bb\u00a0\u00bb transform_translate_phone=\u00a0\u00bb\u00a0\u00bb transform_translate_last_edited=\u00a0\u00bbon|desktop\u00a0\u00bb transform_rotate=\u00a0\u00bb0deg|0deg|4deg\u00a0\u00bb transform_rotate_tablet=\u00a0\u00bb0deg|0deg|4deg\u00a0\u00bb transform_rotate_phone=\u00a0\u00bb0deg|0deg|4deg\u00a0\u00bb transform_rotate_last_edited=\u00a0\u00bbon|desktop\u00a0\u00bb transform_skew_tablet=\u00a0\u00bb\u00a0\u00bb transform_skew_phone=\u00a0\u00bb\u00a0\u00bb transform_skew_last_edited=\u00a0\u00bbon|desktop\u00a0\u00bb transform_origin_tablet=\u00a0\u00bb\u00a0\u00bb transform_origin_phone=\u00a0\u00bb\u00a0\u00bb transform_origin_last_edited=\u00a0\u00bbon|desktop\u00a0\u00bb transform_styles_last_edited=\u00a0\u00bbon|desktop\u00a0\u00bb module_alignment=\u00a0\u00bbcenter\u00a0\u00bb custom_margin=\u00a0\u00bb||||false|false\u00a0\u00bb custom_margin_tablet=\u00a0\u00bb||||false|false\u00a0\u00bb custom_margin_phone=\u00a0\u00bb||||false|false\u00a0\u00bb custom_margin_last_edited=\u00a0\u00bbon|desktop\u00a0\u00bb custom_padding=\u00a0\u00bb1em|0px||0px|false|true\u00a0\u00bb custom_padding_tablet=\u00a0\u00bb2em||||false|true\u00a0\u00bb custom_padding_phone=\u00a0\u00bb1em||0em||false|true\u00a0\u00bb custom_padding_last_edited=\u00a0\u00bbon|phone\u00a0\u00bb hover_enabled=\u00a0\u00bb0&Prime; transform_styles_tablet=\u00a0\u00bb\u00a0\u00bb transform_styles_phone=\u00a0\u00bb\u00a0\u00bb border_width_all=\u00a0\u00bb1em\u00a0\u00bb border_color_all=\u00a0\u00bb#FFFFFF\u00a0\u00bb box_shadow_style=\u00a0\u00bbpreset1&Prime; global_colors_info=\u00a0\u00bb{}\u00a0\u00bb theme_builder_area=\u00a0\u00bbpost_content\u00a0\u00bb sticky_enabled=\u00a0\u00bb0&Prime;][\/et_pb_image][\/et_pb_column][\/et_pb_row][et_pb_row _builder_version=\u00a0\u00bb4.16&Prime; global_colors_info=\u00a0\u00bb{}\u00a0\u00bb theme_builder_area=\u00a0\u00bbpost_content\u00a0\u00bb][et_pb_column type=\u00a0\u00bb4_4&Prime; _builder_version=\u00a0\u00bb4.16&Prime; custom_padding=\u00a0\u00bb|||\u00a0\u00bb global_colors_info=\u00a0\u00bb{}\u00a0\u00bb custom_padding__hover=\u00a0\u00bb|||\u00a0\u00bb theme_builder_area=\u00a0\u00bbpost_content\u00a0\u00bb][et_pb_divider _builder_version=\u00a0\u00bb4.16&Prime; global_colors_info=\u00a0\u00bb{}\u00a0\u00bb theme_builder_area=\u00a0\u00bbpost_content\u00a0\u00bb][\/et_pb_divider][\/et_pb_column][\/et_pb_row][\/et_pb_section]<\/p>\n","protected":false},"excerpt":{"rendered":"<p>Fortes chaleurs : adapter son alimentation et son sommeilEn cas de fortes chaleurs, il est important d\u2019adapter son alimentation : certains aliments sont \u00e0 privil\u00e9gier et d\u2019autres \u00e0 \u00e9viter. Il est primordial aussi de pr\u00e9server son sommeil : la chaleur \u00e9touffante peut nous emp\u00eacher de dormir en \u00e9t\u00e9. Voici quelques astuces pour bien manger et [&hellip;]<\/p>\n","protected":false},"author":2,"featured_media":0,"parent":0,"menu_order":0,"comment_status":"closed","ping_status":"closed","template":"","meta":{"_et_pb_use_builder":"on","_et_pb_old_content":"","_et_gb_content_width":"","footnotes":""},"class_list":["post-12219","page","type-page","status-publish","hentry"],"_links":{"self":[{"href":"https:\/\/geneveetvousmagazine.ch\/index.php\/wp-json\/wp\/v2\/pages\/12219","targetHints":{"allow":["GET"]}}],"collection":[{"href":"https:\/\/geneveetvousmagazine.ch\/index.php\/wp-json\/wp\/v2\/pages"}],"about":[{"href":"https:\/\/geneveetvousmagazine.ch\/index.php\/wp-json\/wp\/v2\/types\/page"}],"author":[{"embeddable":true,"href":"https:\/\/geneveetvousmagazine.ch\/index.php\/wp-json\/wp\/v2\/users\/2"}],"replies":[{"embeddable":true,"href":"https:\/\/geneveetvousmagazine.ch\/index.php\/wp-json\/wp\/v2\/comments?post=12219"}],"version-history":[{"count":3,"href":"https:\/\/geneveetvousmagazine.ch\/index.php\/wp-json\/wp\/v2\/pages\/12219\/revisions"}],"predecessor-version":[{"id":12225,"href":"https:\/\/geneveetvousmagazine.ch\/index.php\/wp-json\/wp\/v2\/pages\/12219\/revisions\/12225"}],"wp:attachment":[{"href":"https:\/\/geneveetvousmagazine.ch\/index.php\/wp-json\/wp\/v2\/media?parent=12219"}],"curies":[{"name":"wp","href":"https:\/\/api.w.org\/{rel}","templated":true}]}}