{"id":11740,"date":"2022-07-08T17:03:55","date_gmt":"2022-07-08T15:03:55","guid":{"rendered":"https:\/\/rivegauche-magazine.ch\/?page_id=11740"},"modified":"2022-07-08T17:20:41","modified_gmt":"2022-07-08T15:20:41","slug":"le-paillage-et-les-paillis","status":"publish","type":"page","link":"https:\/\/geneveetvousmagazine.ch\/index.php\/nature-conseils\/le-paillage-et-les-paillis\/","title":{"rendered":"Le paillage et les paillis"},"content":{"rendered":"<p>[et_pb_section fb_built=\u00a0\u00bb1&Prime; _builder_version=\u00a0\u00bb4.16&Prime; global_colors_info=\u00a0\u00bb{}\u00a0\u00bb][et_pb_row _builder_version=\u00a0\u00bb4.16&Prime; global_colors_info=\u00a0\u00bb{}\u00a0\u00bb][et_pb_column type=\u00a0\u00bb4_4&Prime; _builder_version=\u00a0\u00bb4.16&Prime; custom_padding=\u00a0\u00bb|||\u00a0\u00bb global_colors_info=\u00a0\u00bb{}\u00a0\u00bb custom_padding__hover=\u00a0\u00bb|||\u00a0\u00bb][et_pb_text admin_label=\u00a0\u00bbTITRE\u00a0\u00bb _builder_version=\u00a0\u00bb4.16&Prime; header_font=\u00a0\u00bb|||||on|||\u00a0\u00bb header_text_align=\u00a0\u00bbleft\u00a0\u00bb header_text_color=\u00a0\u00bb#000000&Prime; header_font_size=\u00a0\u00bb48px\u00a0\u00bb custom_margin=\u00a0\u00bb|||\u00a0\u00bb header_font_size_tablet=\u00a0\u00bb36px\u00a0\u00bb header_font_size_phone=\u00a0\u00bb24px\u00a0\u00bb header_font_size_last_edited=\u00a0\u00bbon|tablet\u00a0\u00bb global_colors_info=\u00a0\u00bb{}\u00a0\u00bb]<\/p>\n<h1 style=\"text-align: center;\"><span style=\"color: #000000;\"><strong>Le paillage et les paillis<br \/><\/strong><\/span><\/h1>\n<p>[\/et_pb_text][\/et_pb_column][\/et_pb_row][\/et_pb_section][et_pb_section fb_built=\u00a0\u00bb1&Prime; admin_label=\u00a0\u00bbArticles 1 colonne\u00a0\u00bb _builder_version=\u00a0\u00bb4.16&Prime; custom_margin=\u00a0\u00bb||\u00a0\u00bb custom_padding=\u00a0\u00bb0px|||||\u00a0\u00bb global_colors_info=\u00a0\u00bb{}\u00a0\u00bb][et_pb_row column_structure=\u00a0\u00bb1_2,1_2&Prime; admin_label=\u00a0\u00bbTitre Agenda\u00a0\u00bb _builder_version=\u00a0\u00bb4.16&Prime; custom_margin=\u00a0\u00bb||\u00a0\u00bb custom_padding=\u00a0\u00bb0px||0px|||\u00a0\u00bb global_colors_info=\u00a0\u00bb{}\u00a0\u00bb][et_pb_column type=\u00a0\u00bb1_2&Prime; _builder_version=\u00a0\u00bb4.16&Prime; custom_padding=\u00a0\u00bb0px|||\u00a0\u00bb global_colors_info=\u00a0\u00bb{}\u00a0\u00bb custom_padding__hover=\u00a0\u00bb|||\u00a0\u00bb][et_pb_text admin_label=\u00a0\u00bbDESCRIPTION\u00a0\u00bb _builder_version=\u00a0\u00bb4.17.4&Prime; background_color=\u00a0\u00bbrgba(51,204,204,0.34)\u00a0\u00bb custom_padding=\u00a0\u00bb3em|1em|3em|1em|true|true\u00a0\u00bb global_colors_info=\u00a0\u00bb{}\u00a0\u00bb]<\/p>\n<p style=\"text-align: justify;\"><strong>Il ne semble plus vraiment essentiel de rappeler que le paillage est primordial pour les cultures ornementales ou potag\u00e8res ; nonobstant il nous semble important de revenir sur les paillis. La d\u00e9fi nition du paillis de Wikip\u00e9dia est tout \u00e0 fait satisfaisante : \u00ab Le paillis est une couche de mat\u00e9riau protecteur pos\u00e9e sur le sol dont le but est de modifier les effets du climat local [\u2026]. L\u2019op\u00e9ration qui consiste \u00e0 mettre en place un paillis est le paillage \u00bb.<\/strong><br \/><strong>Dans notre pr\u00e9c\u00e9dent billet, nous vous rappelions la pr\u00e9pond\u00e9rance de conna\u00eetre son jardin, ses besoins, ses probl\u00e9matiques afi n d\u2019apporter une r\u00e9ponse ad\u00e9quate et limiter autant que faire se peut nos efforts. Observez votre jardin, comprenez-le. Ne vous contentez pas de l\u2019analyser mais ressentez-le ; commencez par son sol et ses besoins pour le rendre vivant et \u00e9quilibr\u00e9.<\/strong><br \/><strong>Les avis ne divergent pas ; le paillage est utile dans le potager bien s\u00fbr, mais \u00e9galement dans les massifs de fleurs, au pied des arbustes et des arbres, et a plusieurs avantages notamment<\/strong><br \/><strong>de pr\u00e9server la vie du sol, de nourrir la terre, de retenir la chaleur et isoler du froid. Pour nous, jardiniers, il limite le d\u00e9veloppement des adventices et repousse certains insectes ou gast\u00e9ropodes. Les paillages sont une source intarissable d\u2019avantages, mais il faut bien<\/strong><br \/><strong>comprendre que seule la connaissance de nos sols fera la diff\u00e9rence.<\/strong><\/p>\n<p>[\/et_pb_text][et_pb_text admin_label=\u00a0\u00bbDESCRIPTION\u00a0\u00bb _builder_version=\u00a0\u00bb4.17.4&Prime; global_colors_info=\u00a0\u00bb{}\u00a0\u00bb]<\/p>\n<h2 style=\"text-align: justify;\"><span style=\"color: #33cccc;\"><strong>Et alors, quels paillis\u2000?<br \/><\/strong><\/span><span style=\"color: #33cccc;\"><strong>Il existe de nombreux paillis :<\/strong><\/span><\/h2>\n<p style=\"text-align: justify;\">\u2022 Les paillis organiques qui enrichissent les sols et servent de refuge pour les insectes auxiliaires et les micro-organismes en favorisant des sols vivants et \u00e9quilibr\u00e9s ;<br \/>\u2022 Les paillis min\u00e9raux qui conservent la chaleur et la redistribuent\u2026 cependant avec les changements climatiques, ils ne sont que rarement recommand\u00e9s sous nos latitudes ;<br \/>\u2022 Les paillis synth\u00e9tiques, que nous avons d\u00e9cid\u00e9 de laisser de c\u00f4t\u00e9 pour des raisons \u00e9cologiques.<br \/>Nous promouvons, de notre c\u00f4t\u00e9, les couvertures v\u00e9g\u00e9tales et le bois ram\u00e9al fragment\u00e9 pour leurs aspects permacoles d\u2019une part et, d\u2019autre part, leur \u00e9cologie (local et peu on\u00e9reux). C\u2019est vrai que dans la nature, les sols nus n\u2019existent quasiment pas hormis les roches ou les r\u00e9gions d\u00e9sertiques. De nos observations, la for\u00eat est ici un exemple parlant ; sa liti\u00e8re constitu\u00e9e de couches v\u00e9g\u00e9tales recouvre l\u2019int\u00e9gralit\u00e9 des sols ; l\u2019humilit\u00e9 nous condamne \u00e0 ne pas r\u00e9inventer la nature mais \u00e0 s\u2019en inspirer. Laissons alors nos sols recouverts qu\u2019ils soient de plantes ou de d\u00e9chets ram\u00e9aux. Nous pouvons \u00e9galement \u00e9tager nos plantations, par exemple \u00e0 partir d\u2019une haie arbustive, puis un \u00e9tage de plantes vivaces et de gramin\u00e9es, et pour terminer, par des plantes \u00ab couvresol \u00bb qui pr\u00e9sentent de nombreux avantages<\/p>\n<p>&nbsp;<\/p>\n<p>[\/et_pb_text][\/et_pb_column][et_pb_column type=\u00a0\u00bb1_2&Prime; _builder_version=\u00a0\u00bb4.16&Prime; custom_padding=\u00a0\u00bb0px|||\u00a0\u00bb global_colors_info=\u00a0\u00bb{}\u00a0\u00bb custom_padding__hover=\u00a0\u00bb|||\u00a0\u00bb][et_pb_image src=\u00a0\u00bbhttps:\/\/rivegauche-magazine.ch\/wp-content\/uploads\/2022\/07\/paillage.png\u00a0\u00bb title_text=\u00a0\u00bbpaillage\u00a0\u00bb align_tablet=\u00a0\u00bb\u00a0\u00bb align_phone=\u00a0\u00bb\u00a0\u00bb align_last_edited=\u00a0\u00bbon|desktop\u00a0\u00bb _builder_version=\u00a0\u00bb4.17.4&Prime; _module_preset=\u00a0\u00bbdefault\u00a0\u00bb width=\u00a0\u00bb39%\u00a0\u00bb width_tablet=\u00a0\u00bb100%\u00a0\u00bb width_phone=\u00a0\u00bb100%\u00a0\u00bb width_last_edited=\u00a0\u00bbon|tablet\u00a0\u00bb module_alignment=\u00a0\u00bbright\u00a0\u00bb min_height_last_edited=\u00a0\u00bboff|tablet\u00a0\u00bb module_alignment_tablet=\u00a0\u00bbright\u00a0\u00bb module_alignment_phone=\u00a0\u00bbright\u00a0\u00bb module_alignment_last_edited=\u00a0\u00bbon|tablet\u00a0\u00bb global_colors_info=\u00a0\u00bb{}\u00a0\u00bb][\/et_pb_image][et_pb_text admin_label=\u00a0\u00bbDESCRIPTION\u00a0\u00bb _builder_version=\u00a0\u00bb4.17.4&Prime; background_color=\u00a0\u00bb#FFFFFF\u00a0\u00bb width_tablet=\u00a0\u00bb\u00a0\u00bb width_phone=\u00a0\u00bb\u00a0\u00bb width_last_edited=\u00a0\u00bbon|tablet\u00a0\u00bb custom_margin=\u00a0\u00bb-13em|2em||2em|false|true\u00a0\u00bb custom_margin_tablet=\u00a0\u00bb0em|0em||0em|false|true\u00a0\u00bb custom_margin_phone=\u00a0\u00bb0em|0em||0em|false|true\u00a0\u00bb custom_margin_last_edited=\u00a0\u00bbon|desktop\u00a0\u00bb custom_padding=\u00a0\u00bb2em|2em|2em|2em|true|true\u00a0\u00bb hover_enabled=\u00a0\u00bb0&Prime; border_radii=\u00a0\u00bbon|1px|1px|1px|1px\u00a0\u00bb border_width_all=\u00a0\u00bb1px\u00a0\u00bb border_color_all=\u00a0\u00bb#000000&Prime; global_colors_info=\u00a0\u00bb{}\u00a0\u00bb custom_padding_last_edited=\u00a0\u00bbon|phone\u00a0\u00bb sticky_enabled=\u00a0\u00bb0&Prime; custom_padding_phone=\u00a0\u00bb|1em||1em|true|true\u00a0\u00bb custom_padding_tablet=\u00a0\u00bb2em|2em|2em|2em|true|true\u00a0\u00bb]<\/p>\n<h2 style=\"text-align: justify;\"><span style=\"color: #33cccc;\"><strong>Le BRF ou Bois Ram\u00e9al Fragment\u00e9<\/strong><\/span><\/h2>\n<p style=\"text-align: justify;\"><strong>Le BRF, comme son nom l\u2019indique, est un m\u00e9lange non compost\u00e9 de r\u00e9sidus de broyage de rameaux de branches (arbres ou arbustes), autrement dit des branches issues d\u2019arbres feuillus. Typiquement, en jardinage, il provient des d\u00e9chets de taille de haies avec, toutefois, un b\u00e9mol sur les haies de Thuyas dont le duramen est caract\u00e9ris\u00e9 par des constituants toxiques pour les micro-organismes et est donc \u00e0 proscrire dans le BRF. Le BRF apporte ainsi une liti\u00e8re foresti\u00e8re favorisant la p\u00e9dogen\u00e8se n\u00e9cessaire \u00e0 la cr\u00e9ation de l\u2019humus.<\/strong><br \/><strong>Un paillage de 3 \u00e0 5 cm, voire beaucoup plus pour des sols tr\u00e8s d\u00e9grad\u00e9s, de BRF permet de r\u00e9installer une activit\u00e9 biologique boulevers\u00e9e. Les vers de terre se nourrissent de la cellulose et pendant ce temps, les champignons d\u00e9gradent la lignine.<\/strong><br \/><strong>Les r\u00e9sultats sont impressionnants et nous remarquons :<\/strong><br \/><strong>\u2022 Une am\u00e9lioration de la structure des sols par l\u2019apport d\u2019humus ;<\/strong><br \/><strong>\u2022 Un effet fertilisant ;<\/strong><br \/><strong>\u2022 Une r\u00e9duction substantielle des besoins en eau ;<\/strong><br \/><strong>\u2022 Une protection contre les maladies ;<\/strong><br \/><strong>\u2022 Une \u00e9conomie des efforts sur le travail de la terre ; ni d\u00e9sherbage, ni traitements.<\/strong><\/p>\n<p>[\/et_pb_text][et_pb_image src=\u00a0\u00bbhttps:\/\/rivegauche-magazine.ch\/wp-content\/uploads\/2022\/07\/plante.png\u00a0\u00bb title_text=\u00a0\u00bbplante\u00a0\u00bb _builder_version=\u00a0\u00bb4.17.4&Prime; _module_preset=\u00a0\u00bbdefault\u00a0\u00bb width=\u00a0\u00bb45%\u00a0\u00bb width_tablet=\u00a0\u00bb100%\u00a0\u00bb width_phone=\u00a0\u00bb100%\u00a0\u00bb width_last_edited=\u00a0\u00bbon|tablet\u00a0\u00bb module_alignment=\u00a0\u00bbleft\u00a0\u00bb custom_margin=\u00a0\u00bb-4em||2em||false|false\u00a0\u00bb custom_margin_tablet=\u00a0\u00bb0em||||false|false\u00a0\u00bb custom_margin_phone=\u00a0\u00bb0em||||false|false\u00a0\u00bb custom_margin_last_edited=\u00a0\u00bbon|tablet\u00a0\u00bb module_alignment_tablet=\u00a0\u00bbleft\u00a0\u00bb module_alignment_phone=\u00a0\u00bbleft\u00a0\u00bb module_alignment_last_edited=\u00a0\u00bbon|tablet\u00a0\u00bb global_colors_info=\u00a0\u00bb{}\u00a0\u00bb][\/et_pb_image][et_pb_text admin_label=\u00a0\u00bbDESCRIPTION\u00a0\u00bb _builder_version=\u00a0\u00bb4.17.4&Prime; global_colors_info=\u00a0\u00bb{}\u00a0\u00bb]<\/p>\n<p style=\"text-align: justify;\">Une bonne compr\u00e9hension de notre jardin par l\u2019observation et le ressenti et, ainsi, l\u2019application d\u2019actions r\u00e9fl\u00e9chies, coh\u00e9rentes et prophylactiques feront de votre petit-boutde- plan\u00e8te un jardin heureux.<br \/>Faites appel \u00e0 vos sens, \u00e0 votre bon sens et laissez-vous tenter par la nature !<\/p>\n<p>&nbsp;<\/p>\n<p>[\/et_pb_text][\/et_pb_column][\/et_pb_row][et_pb_row disabled_on=\u00a0\u00bbon|off|off\u00a0\u00bb _builder_version=\u00a0\u00bb4.16&Prime; _module_preset=\u00a0\u00bbdefault\u00a0\u00bb custom_margin=\u00a0\u00bb2em||||false|false\u00a0\u00bb global_colors_info=\u00a0\u00bb{}\u00a0\u00bb][et_pb_column type=\u00a0\u00bb4_4&Prime; _builder_version=\u00a0\u00bb4.16&Prime; _module_preset=\u00a0\u00bbdefault\u00a0\u00bb global_colors_info=\u00a0\u00bb{}\u00a0\u00bb][et_pb_divider _builder_version=\u00a0\u00bb4.16&Prime; _module_preset=\u00a0\u00bbdefault\u00a0\u00bb global_colors_info=\u00a0\u00bb{}\u00a0\u00bb][\/et_pb_divider][\/et_pb_column][\/et_pb_row][\/et_pb_section]<\/p>\n","protected":false},"excerpt":{"rendered":"<p>Le paillage et les paillisIl ne semble plus vraiment essentiel de rappeler que le paillage est primordial pour les cultures ornementales ou potag\u00e8res ; nonobstant il nous semble important de revenir sur les paillis. La d\u00e9fi nition du paillis de Wikip\u00e9dia est tout \u00e0 fait satisfaisante : \u00ab Le paillis est une couche de mat\u00e9riau [&hellip;]<\/p>\n","protected":false},"author":2,"featured_media":0,"parent":1412,"menu_order":0,"comment_status":"closed","ping_status":"closed","template":"","meta":{"_et_pb_use_builder":"on","_et_pb_old_content":"","_et_gb_content_width":"","footnotes":""},"class_list":["post-11740","page","type-page","status-publish","hentry"],"_links":{"self":[{"href":"https:\/\/geneveetvousmagazine.ch\/index.php\/wp-json\/wp\/v2\/pages\/11740","targetHints":{"allow":["GET"]}}],"collection":[{"href":"https:\/\/geneveetvousmagazine.ch\/index.php\/wp-json\/wp\/v2\/pages"}],"about":[{"href":"https:\/\/geneveetvousmagazine.ch\/index.php\/wp-json\/wp\/v2\/types\/page"}],"author":[{"embeddable":true,"href":"https:\/\/geneveetvousmagazine.ch\/index.php\/wp-json\/wp\/v2\/users\/2"}],"replies":[{"embeddable":true,"href":"https:\/\/geneveetvousmagazine.ch\/index.php\/wp-json\/wp\/v2\/comments?post=11740"}],"version-history":[{"count":13,"href":"https:\/\/geneveetvousmagazine.ch\/index.php\/wp-json\/wp\/v2\/pages\/11740\/revisions"}],"predecessor-version":[{"id":11759,"href":"https:\/\/geneveetvousmagazine.ch\/index.php\/wp-json\/wp\/v2\/pages\/11740\/revisions\/11759"}],"up":[{"embeddable":true,"href":"https:\/\/geneveetvousmagazine.ch\/index.php\/wp-json\/wp\/v2\/pages\/1412"}],"wp:attachment":[{"href":"https:\/\/geneveetvousmagazine.ch\/index.php\/wp-json\/wp\/v2\/media?parent=11740"}],"curies":[{"name":"wp","href":"https:\/\/api.w.org\/{rel}","templated":true}]}}