{"id":11501,"date":"2022-07-07T16:03:42","date_gmt":"2022-07-07T14:03:42","guid":{"rendered":"https:\/\/rivegauche-magazine.ch\/?page_id=11501"},"modified":"2025-12-04T10:57:54","modified_gmt":"2025-12-04T09:57:54","slug":"tablier-rouge","status":"publish","type":"page","link":"https:\/\/geneveetvousmagazine.ch\/index.php\/tablier-rouge\/","title":{"rendered":"TABLIER ROUGE"},"content":{"rendered":"<p>[et_pb_section fb_built=\u00a0\u00bb1&Prime; _builder_version=\u00a0\u00bb4.16&Prime; global_colors_info=\u00a0\u00bb{}\u00a0\u00bb][et_pb_row _builder_version=\u00a0\u00bb4.16&Prime; global_colors_info=\u00a0\u00bb{}\u00a0\u00bb][et_pb_column type=\u00a0\u00bb4_4&Prime; _builder_version=\u00a0\u00bb4.16&Prime; custom_padding=\u00a0\u00bb|||\u00a0\u00bb global_colors_info=\u00a0\u00bb{}\u00a0\u00bb custom_padding__hover=\u00a0\u00bb|||\u00a0\u00bb][\/et_pb_column][\/et_pb_row][\/et_pb_section][et_pb_section fb_built=\u00a0\u00bb1&Prime; admin_label=\u00a0\u00bbArticles 1 colonne\u00a0\u00bb _builder_version=\u00a0\u00bb4.16&Prime; custom_margin=\u00a0\u00bb||\u00a0\u00bb custom_padding=\u00a0\u00bb0px|||||\u00a0\u00bb global_colors_info=\u00a0\u00bb{}\u00a0\u00bb][et_pb_row column_structure=\u00a0\u00bb1_2,1_2&Prime; admin_label=\u00a0\u00bbTitre Agenda\u00a0\u00bb _builder_version=\u00a0\u00bb4.16&Prime; custom_margin=\u00a0\u00bb||\u00a0\u00bb custom_padding=\u00a0\u00bb0px||0px|||\u00a0\u00bb global_colors_info=\u00a0\u00bb{}\u00a0\u00bb][et_pb_column type=\u00a0\u00bb1_2&Prime; _builder_version=\u00a0\u00bb4.16&Prime; custom_padding=\u00a0\u00bb0px|||\u00a0\u00bb global_colors_info=\u00a0\u00bb{}\u00a0\u00bb custom_padding__hover=\u00a0\u00bb|||\u00a0\u00bb][et_pb_image src=\u00a0\u00bbhttps:\/\/rivegauche-magazine.ch\/wp-content\/uploads\/2025\/12\/Tablier_Rouge_N48.jpg\u00a0\u00bb title_text=\u00a0\u00bbTablier_Rouge_N48&Prime; align=\u00a0\u00bbcenter\u00a0\u00bb _builder_version=\u00a0\u00bb4.17.6&Prime; _module_preset=\u00a0\u00bbdefault\u00a0\u00bb module_alignment=\u00a0\u00bbcenter\u00a0\u00bb hover_enabled=\u00a0\u00bb0&Prime; global_colors_info=\u00a0\u00bb{}\u00a0\u00bb sticky_enabled=\u00a0\u00bb0&Prime;][\/et_pb_image][et_pb_image src=\u00a0\u00bbhttps:\/\/rivegauche-magazine.ch\/wp-content\/uploads\/2022\/07\/Verrines2-1400&#215;788-1.jpg\u00a0\u00bb title_text=\u00a0\u00bbVerrines2-1400&#215;788&Prime; force_fullwidth=\u00a0\u00bbon\u00a0\u00bb _builder_version=\u00a0\u00bb4.17.1&Prime; _module_preset=\u00a0\u00bbdefault\u00a0\u00bb custom_margin=\u00a0\u00bb||1em||false|false\u00a0\u00bb global_colors_info=\u00a0\u00bb{}\u00a0\u00bb][\/et_pb_image][et_pb_image src=\u00a0\u00bbhttps:\/\/rivegauche-magazine.ch\/wp-content\/uploads\/2022\/07\/photo-1472476443507-c7a5948772fc.jpg\u00a0\u00bb title_text=\u00a0\u00bbphoto-1472476443507-c7a5948772fc\u00a0\u00bb force_fullwidth=\u00a0\u00bbon\u00a0\u00bb _builder_version=\u00a0\u00bb4.17.1&Prime; _module_preset=\u00a0\u00bbdefault\u00a0\u00bb custom_margin=\u00a0\u00bb||1em||false|false\u00a0\u00bb global_colors_info=\u00a0\u00bb{}\u00a0\u00bb][\/et_pb_image][\/et_pb_column][et_pb_column type=\u00a0\u00bb1_2&Prime; _builder_version=\u00a0\u00bb4.16&Prime; custom_padding=\u00a0\u00bb|||\u00a0\u00bb global_colors_info=\u00a0\u00bb{}\u00a0\u00bb custom_padding__hover=\u00a0\u00bb|||\u00a0\u00bb][et_pb_text admin_label=\u00a0\u00bbNOM CLIENT\u00a0\u00bb _builder_version=\u00a0\u00bb4.17.1&Prime; header_font=\u00a0\u00bb|||||on|||\u00a0\u00bb header_text_align=\u00a0\u00bbleft\u00a0\u00bb header_text_color=\u00a0\u00bb#000000&Prime; header_font_size=\u00a0\u00bb48px\u00a0\u00bb custom_margin=\u00a0\u00bb||0em||false|false\u00a0\u00bb header_font_size_tablet=\u00a0\u00bb36px\u00a0\u00bb header_font_size_phone=\u00a0\u00bb24px\u00a0\u00bb header_font_size_last_edited=\u00a0\u00bbon|tablet\u00a0\u00bb global_colors_info=\u00a0\u00bb{}\u00a0\u00bb]<\/p>\n<h1 style=\"text-align: left;\"><strong>LE TABLIER ROUGE<\/strong><span style=\"font-size: 22px;\"><br \/><\/span><\/h1>\n<h2><strong>Cuisine maison<br \/><\/strong><\/h2>\n<p>[\/et_pb_text][et_pb_text admin_label=\u00a0\u00bbDESCRIPTION\u00a0\u00bb _builder_version=\u00a0\u00bb4.17.1&Prime; global_colors_info=\u00a0\u00bb{}\u00a0\u00bb]<\/p>\n<p style=\"text-align: justify;\"><strong><span style=\"color: #ff0000;\">Qui sommes-nous ?<\/span><\/strong><\/p>\n<p style=\"text-align: justify;\">Le Tablier Rouge est n\u00e9 de l\u2019envie de faire des lasagnes cuisin\u00e9es traditionnellement, pr\u00eates \u00e0 manger, pour les proposer aux personnes n\u2019ayant pas de temps \u00e0 consacrer \u00e0 la cuisine.<br \/>En plus de ces vari\u00e9t\u00e9s de lasagnes, nous affichons \u00e9galement \u00e0 la carte des plats, des salades et des desserts. Sans oublier les cannel\u00e9s et un menu du mois.<\/p>\n<p style=\"text-align: justify;\"><strong><span style=\"color: #ff0000;\">Notre philosophie<\/span><\/strong><\/p>\n<ul style=\"text-align: justify;\">\n<li>Vous pr\u00e9parer des plats cuisin\u00e9s maison.<\/li>\n<li>Utiliser des produits frais et du terroir au gr\u00e9 des saisons.<\/li>\n<li>Proposer des recettes originales.<\/li>\n<\/ul>\n<p style=\"text-align: justify;\">Le Tablier Rouge travaille avec des producteurs genevois et italiens qu\u2019il choisit avec soin pour garantir des ingr\u00e9dients de premi\u00e8re qualit\u00e9. Nous pr\u00e9parons les plats que nous aimons et mitonnons en cuisson lente. Nous souhaitons vous offrir une cuisine g\u00e9n\u00e9reuse, au go\u00fbt du soleil.<\/p>\n<p style=\"text-align: justify;\">Le Tablier Rouge propose \u00e9galement un service \u00ab\u00a0Chef \u00e0 domicile\u00a0\u00bb (informations sur demande).<\/p>\n<p style=\"text-align: justify;\"><strong><span style=\"color: #ff0000;\">LE TABLIER ROUGE<\/span><br \/><span style=\"color: #ff0000;\">Livraison sur Gen\u00e8ve et environs<\/span><br \/><\/strong><\/p>\n<div>\n<p style=\"text-align: justify;\">Tel. : 079 433 17 62<br \/>Email : <a href=\"mailto:ecole@arts-taoistes.com\" data-wplink-edit=\"true\">contact@letablierrouge.ch<\/a><\/p>\n<\/div>\n<p>[\/et_pb_text][et_pb_button button_url=\u00a0\u00bbhttp:\/\/www.letablierrouge.ch\u00a0\u00bb url_new_window=\u00a0\u00bbon\u00a0\u00bb button_text=\u00a0\u00bbSITE INTERNET\u00a0\u00bb admin_label=\u00a0\u00bbBOUTON SITE WEB\u00a0\u00bb _builder_version=\u00a0\u00bb4.17.1&Prime; global_colors_info=\u00a0\u00bb{}\u00a0\u00bb][\/et_pb_button][et_pb_image src=\u00a0\u00bbhttps:\/\/rivegauche-magazine.ch\/wp-content\/uploads\/2022\/07\/RouleAubergineTomateConfite-1400&#215;788-1.jpg\u00a0\u00bb title_text=\u00a0\u00bbRouleAubergineTomateConfite-1400&#215;788&Prime; force_fullwidth=\u00a0\u00bbon\u00a0\u00bb _builder_version=\u00a0\u00bb4.17.1&Prime; _module_preset=\u00a0\u00bbdefault\u00a0\u00bb custom_margin=\u00a0\u00bb||1em||false|false\u00a0\u00bb global_colors_info=\u00a0\u00bb{}\u00a0\u00bb][\/et_pb_image][\/et_pb_column][\/et_pb_row][et_pb_row _builder_version=\u00a0\u00bb4.16&Prime; global_colors_info=\u00a0\u00bb{}\u00a0\u00bb][et_pb_column type=\u00a0\u00bb4_4&Prime; _builder_version=\u00a0\u00bb4.16&Prime; custom_padding=\u00a0\u00bb|||\u00a0\u00bb global_colors_info=\u00a0\u00bb{}\u00a0\u00bb custom_padding__hover=\u00a0\u00bb|||\u00a0\u00bb][et_pb_divider _builder_version=\u00a0\u00bb4.16&Prime; global_colors_info=\u00a0\u00bb{}\u00a0\u00bb][\/et_pb_divider][\/et_pb_column][\/et_pb_row][\/et_pb_section]<\/p>\n","protected":false},"excerpt":{"rendered":"<p>LE TABLIER ROUGE Cuisine maisonQui sommes-nous ? Le Tablier Rouge est n\u00e9 de l\u2019envie de faire des lasagnes cuisin\u00e9es traditionnellement, pr\u00eates \u00e0 manger, pour les proposer aux personnes n\u2019ayant pas de temps \u00e0 consacrer \u00e0 la cuisine.En plus de ces vari\u00e9t\u00e9s de lasagnes, nous affichons \u00e9galement \u00e0 la carte des plats, des salades et des [&hellip;]<\/p>\n","protected":false},"author":2,"featured_media":0,"parent":0,"menu_order":0,"comment_status":"closed","ping_status":"closed","template":"","meta":{"_et_pb_use_builder":"on","_et_pb_old_content":"","_et_gb_content_width":"","footnotes":""},"class_list":["post-11501","page","type-page","status-publish","hentry"],"_links":{"self":[{"href":"https:\/\/geneveetvousmagazine.ch\/index.php\/wp-json\/wp\/v2\/pages\/11501","targetHints":{"allow":["GET"]}}],"collection":[{"href":"https:\/\/geneveetvousmagazine.ch\/index.php\/wp-json\/wp\/v2\/pages"}],"about":[{"href":"https:\/\/geneveetvousmagazine.ch\/index.php\/wp-json\/wp\/v2\/types\/page"}],"author":[{"embeddable":true,"href":"https:\/\/geneveetvousmagazine.ch\/index.php\/wp-json\/wp\/v2\/users\/2"}],"replies":[{"embeddable":true,"href":"https:\/\/geneveetvousmagazine.ch\/index.php\/wp-json\/wp\/v2\/comments?post=11501"}],"version-history":[{"count":6,"href":"https:\/\/geneveetvousmagazine.ch\/index.php\/wp-json\/wp\/v2\/pages\/11501\/revisions"}],"predecessor-version":[{"id":17206,"href":"https:\/\/geneveetvousmagazine.ch\/index.php\/wp-json\/wp\/v2\/pages\/11501\/revisions\/17206"}],"wp:attachment":[{"href":"https:\/\/geneveetvousmagazine.ch\/index.php\/wp-json\/wp\/v2\/media?parent=11501"}],"curies":[{"name":"wp","href":"https:\/\/api.w.org\/{rel}","templated":true}]}}